
{"id":16203,"date":"2024-05-09T09:21:23","date_gmt":"2024-05-09T13:21:41","guid":{"rendered":"https:\/\/www.warmuseum.ca\/boutique\/?post_type=product&#038;p=16203"},"modified":"2024-07-17T08:12:22","modified_gmt":"2024-07-17T12:12:22","slug":"coton-ouate-plan-du-char-m4-sherman","status":"publish","type":"product","link":"https:\/\/www.museedelaguerre.ca\/boutique\/produit\/coton-ouate-plan-du-char-m4-sherman\/","title":{"rendered":"Coton ouat\u00e9 plan du char d&#8217;assault M4 Sherman"},"content":{"rendered":"<p>Le char M4 Sherman, pilier de la puissance des alli\u00e9e pendant la Deuxi\u00e8me Guerre mondiale, \u00e9tait r\u00e9put\u00e9 pour sa polyvalence et sa production en s\u00e9rie. Dot\u00e9 d&#8217;un canon principal de 75 mm et d&#8217;un \u00e9pais blindage, il apportait un soutien crucial aux unit\u00e9s d&#8217;infanterie et menait de nombreuses offensives. Malgr\u00e9 les d\u00e9fis pos\u00e9s par les chars allemands plus lourds, son nombre et sa capacit\u00e9 d&#8217;adaptation ont fait de lui un facteur cl\u00e9 de la victoire des Alli\u00e9s.<\/p>\n","protected":false},"excerpt":{"rendered":"<p>Ce chandail \u00e0 capuchon est fabriqu\u00e9 \u00e0 partir d&#8217;un m\u00e9lange durable de coton et de polyester (50\/50). Vous appr\u00e9cierez son int\u00e9rieur douillet, sa capuche doublement doubl\u00e9e avec cordon de serrage, sa pochette et ses bordures avec \u00e9lasthanne pour l&#8217;extensibilit\u00e9 et la r\u00e9cup\u00e9ration. Il est con\u00e7u pour le confort avec une coupe classique et un corps sans couture. De plus, l&#8217;\u00e9tiquette d\u00e9tachable est en train de passer \u00e0 un mat\u00e9riau recycl\u00e9. Qualit\u00e9, confort et style en un seul coton ouat\u00e9.<\/p>\n","protected":false},"featured_media":16213,"comment_status":"open","ping_status":"closed","template":"","meta":{"_acf_changed":false},"product_cat":[1260,1256,995,666,1190],"product_tag":[1289],"acf":[],"_links":{"self":[{"href":"https:\/\/www.museedelaguerre.ca\/boutique\/wp-json\/wp\/v2\/product\/16203"}],"collection":[{"href":"https:\/\/www.museedelaguerre.ca\/boutique\/wp-json\/wp\/v2\/product"}],"about":[{"href":"https:\/\/www.museedelaguerre.ca\/boutique\/wp-json\/wp\/v2\/types\/product"}],"replies":[{"embeddable":true,"href":"https:\/\/www.museedelaguerre.ca\/boutique\/wp-json\/wp\/v2\/comments?post=16203"}],"wp:featuredmedia":[{"embeddable":true,"href":"https:\/\/www.museedelaguerre.ca\/boutique\/wp-json\/wp\/v2\/media\/16213"}],"wp:attachment":[{"href":"https:\/\/www.museedelaguerre.ca\/boutique\/wp-json\/wp\/v2\/media?parent=16203"}],"wp:term":[{"taxonomy":"product_cat","embeddable":true,"href":"https:\/\/www.museedelaguerre.ca\/boutique\/wp-json\/wp\/v2\/product_cat?post=16203"},{"taxonomy":"product_tag","embeddable":true,"href":"https:\/\/www.museedelaguerre.ca\/boutique\/wp-json\/wp\/v2\/product_tag?post=16203"}],"curies":[{"name":"wp","href":"https:\/\/api.w.org\/{rel}","templated":true}]}}