
{"id":16201,"date":"2024-05-09T09:22:16","date_gmt":"2024-05-09T13:23:40","guid":{"rendered":"https:\/\/www.warmuseum.ca\/boutique\/?post_type=product&#038;p=16201"},"modified":"2024-06-17T14:49:33","modified_gmt":"2024-06-17T18:49:33","slug":"coton-ouate-plan-du-hms-crusader","status":"publish","type":"product","link":"https:\/\/www.museedelaguerre.ca\/boutique\/produit\/coton-ouate-plan-du-hms-crusader\/","title":{"rendered":"Coton ouat\u00e9 plan du HMS Crusader"},"content":{"rendered":"<p>Termin\u00e9 en 1932 sous le nom de HMS Crusader, ce destroyer de classe C a \u00e9t\u00e9 achet\u00e9 et mis en service sous le nom d&#8217;Ottawa le 15 juin 1938 \u00e0 Chatham, en Angleterre. Il arrive \u00e0 Esquimalt, en Colombie britannique, le 7 novembre et, \u00e0 l&#8217;approche de la guerre, part pour Halifax, en Nouvelle-\u00c9cosse, pr\u00e8s d&#8217;un an plus tard, pour des missions d&#8217;escorte.<\/p>\n","protected":false},"excerpt":{"rendered":"<p>Ce chandail \u00e0 capuchon est fabriqu\u00e9 \u00e0 partir d&#8217;un m\u00e9lange durable de coton et de polyester (50\/50). Vous appr\u00e9cierez son int\u00e9rieur douillet, sa capuche doublement doubl\u00e9e avec cordon de serrage, sa pochette et ses bordures avec \u00e9lasthanne pour l&#8217;extensibilit\u00e9 et la r\u00e9cup\u00e9ration. Il est con\u00e7u pour le confort avec une coupe classique et un corps sans couture. De plus, l&#8217;\u00e9tiquette d\u00e9tachable est en train de passer \u00e0 un mat\u00e9riau recycl\u00e9. Qualit\u00e9, confort et style en un seul hoodie.<\/p>\n","protected":false},"featured_media":16209,"comment_status":"open","ping_status":"closed","template":"","meta":{"_acf_changed":false},"product_cat":[995,666,1190],"product_tag":[],"acf":[],"_links":{"self":[{"href":"https:\/\/www.museedelaguerre.ca\/boutique\/wp-json\/wp\/v2\/product\/16201"}],"collection":[{"href":"https:\/\/www.museedelaguerre.ca\/boutique\/wp-json\/wp\/v2\/product"}],"about":[{"href":"https:\/\/www.museedelaguerre.ca\/boutique\/wp-json\/wp\/v2\/types\/product"}],"replies":[{"embeddable":true,"href":"https:\/\/www.museedelaguerre.ca\/boutique\/wp-json\/wp\/v2\/comments?post=16201"}],"wp:featuredmedia":[{"embeddable":true,"href":"https:\/\/www.museedelaguerre.ca\/boutique\/wp-json\/wp\/v2\/media\/16209"}],"wp:attachment":[{"href":"https:\/\/www.museedelaguerre.ca\/boutique\/wp-json\/wp\/v2\/media?parent=16201"}],"wp:term":[{"taxonomy":"product_cat","embeddable":true,"href":"https:\/\/www.museedelaguerre.ca\/boutique\/wp-json\/wp\/v2\/product_cat?post=16201"},{"taxonomy":"product_tag","embeddable":true,"href":"https:\/\/www.museedelaguerre.ca\/boutique\/wp-json\/wp\/v2\/product_tag?post=16201"}],"curies":[{"name":"wp","href":"https:\/\/api.w.org\/{rel}","templated":true}]}}