
{"id":16126,"date":"2024-05-24T00:01:04","date_gmt":"2024-05-23T04:01:50","guid":{"rendered":"https:\/\/www.warmuseum.ca\/boutique\/?post_type=product&#038;p=16126"},"modified":"2025-02-20T09:53:56","modified_gmt":"2025-02-20T14:53:56","slug":"catalogue-sortie-des-rangs","status":"publish","type":"product","link":"https:\/\/www.museedelaguerre.ca\/boutique\/produit\/catalogue-sortie-des-rangs\/","title":{"rendered":"Sorties des rangs"},"content":{"rendered":"<p>Explorant l\u2019\u00e9volution des perspectives des femmes sur la guerre et les conflits,\u00a0<strong>Sorties des<\/strong> <strong>rangs<\/strong><em>\u00a0<\/em>pr\u00e9sente des \u0153uvres r\u00e9alis\u00e9es par des femmes artistes du pays entier sur une p\u00e9riode de plus de deux si\u00e8cles, dont Henrietta Mabel May, Molly Lamb Bobak, Pegi Nicol MacLeod, Paraskeva Clark, Joyce\u00a0Wieland, Shelley Niro, Rosalie\u00a0Favell et Gertrude\u00a0Kearns.<\/p>\n<p>Qu\u2019il s\u2019agisse de sc\u00e8nes d\u2019un soul\u00e8vement qui a eu lieu au 19<sup>e<\/sup>\u00a0si\u00e8cle, de femmes travaillant dans une usine pendant la Premi\u00e8re Guerre mondiale, de Rangers du Canada patrouillant aujourd\u2019hui dans le Grand Nord, ou de\u00a0l\u2019impact \u00e9prouvant des conflits d\u2019antan sur les peuples autochtones, ce catalogue-souvenir\u00a0offre un regard neuf et captivant sur la guerre \u00e0 travers les yeux des femmes.<\/p>\n","protected":false},"excerpt":{"rendered":"<p>Explorant l\u2019\u00e9volution des perspectives des femmes sur la guerre et les conflits,\u00a0<strong>Sorties des<\/strong> <strong>rangs<\/strong><em>\u00a0<\/em>pr\u00e9sente des \u0153uvres r\u00e9alis\u00e9es par des femmes artistes de partout au Canada sur une p\u00e9riode de plus de deux si\u00e8cles.<\/p>\n","protected":false},"featured_media":16132,"comment_status":"open","ping_status":"closed","template":"","meta":{"_acf_changed":false},"product_cat":[1221,604,683],"product_tag":[],"acf":[],"_links":{"self":[{"href":"https:\/\/www.museedelaguerre.ca\/boutique\/wp-json\/wp\/v2\/product\/16126"}],"collection":[{"href":"https:\/\/www.museedelaguerre.ca\/boutique\/wp-json\/wp\/v2\/product"}],"about":[{"href":"https:\/\/www.museedelaguerre.ca\/boutique\/wp-json\/wp\/v2\/types\/product"}],"replies":[{"embeddable":true,"href":"https:\/\/www.museedelaguerre.ca\/boutique\/wp-json\/wp\/v2\/comments?post=16126"}],"wp:featuredmedia":[{"embeddable":true,"href":"https:\/\/www.museedelaguerre.ca\/boutique\/wp-json\/wp\/v2\/media\/16132"}],"wp:attachment":[{"href":"https:\/\/www.museedelaguerre.ca\/boutique\/wp-json\/wp\/v2\/media?parent=16126"}],"wp:term":[{"taxonomy":"product_cat","embeddable":true,"href":"https:\/\/www.museedelaguerre.ca\/boutique\/wp-json\/wp\/v2\/product_cat?post=16126"},{"taxonomy":"product_tag","embeddable":true,"href":"https:\/\/www.museedelaguerre.ca\/boutique\/wp-json\/wp\/v2\/product_tag?post=16126"}],"curies":[{"name":"wp","href":"https:\/\/api.w.org\/{rel}","templated":true}]}}