
{"id":16054,"date":"2024-03-28T00:01:43","date_gmt":"2024-03-28T04:01:01","guid":{"rendered":"https:\/\/www.warmuseum.ca\/boutique\/?post_type=product&#038;p=16054"},"modified":"2024-04-02T11:51:42","modified_gmt":"2024-04-02T15:51:42","slug":"a-church-at-war-mackay-presbyterian-church-new-edinburgh-and-the-first-world-war","status":"publish","type":"product","link":"https:\/\/www.museedelaguerre.ca\/boutique\/produit\/a-church-at-war-mackay-presbyterian-church-new-edinburgh-and-the-first-world-war\/","title":{"rendered":"A Church at War: MacKay Presbyterian Church, New Edinburgh, and the First World War"},"content":{"rendered":"<p><strong>A Church at War: MacKay Presbyterian Church, New Edinburgh, and the First World War \u00e9crit par Alan Bowker<\/strong><\/p>\n<p>Cent quarante et un membres de l\u2019\u00e9glise presbyt\u00e9rienne MacKay ont combattu au cours de la Premi\u00e8re Guerre mondiale. Au pays, leur \u00e9glise et leurs familles ont soutenu sans rel\u00e2che l\u2019effort de guerre \u00e0 travers quatre ann\u00e9es de privations, de souffrances et d\u2019affliction. L\u2019\u00e9glise MacKay desservait New Edinburgh, une communaut\u00e9 li\u00e9e \u00e0 l\u2019industrie foresti\u00e8re des chutes Rideau, o\u00f9 l\u2019on retrouvait Rideau Hall, un nombre croissant de fonctionnaires et une importante minorit\u00e9 germanophone, et qui s\u2019enorgueillissait d\u2019une riche tradition d\u2019athl\u00e9tisme et de milice.<\/p>\n<p>Les membres de l\u2019\u00e9glise MacKay embras\u00adsaient la conviction qu\u2019un Dieu immanent oeuvrait au sein de l\u2019Histoire et que les chr\u00e9tiens avaient le devoir d\u2019\u00e9tablir le Royaume de Dieu sur Terre \u00e0 l\u2019aide de l\u2019\u00e9vang\u00e9lisme et de la r\u00e9forme morale et sociale. Ils voyaient l\u2019Empire britannique comme l\u2019apog\u00e9e de la civilisation chr\u00e9tienne, apportant la paix et le progr\u00e8s au monde entier. En cons\u00e9quence, ils \u00e9taient convaincus qu\u2019en d\u00e9fendant leur pays et l\u2019Empire face \u00e0 l\u2019agression et \u00e0 l\u2019autocratie germaniques, ils luttaient pour \u00ab la justice, la v\u00e9rit\u00e9 et le bien, et pour la gloire de Dieu \u00bb.<\/p>\n<p>Cet ouvrage entrem\u00eale l\u2019histoire des combattants, celle de leurs familles rest\u00e9es au pays et celle de leur \u00e9glise face au d\u00e9fi d\u2019une terrible guerre. Il s\u2019int\u00e9resse particuli\u00e8rement aux 19 hommes qui sont tomb\u00e9s \u00e0 la guerre \u2013 certains morts au combat de mani\u00e8re h\u00e9ro\u00efque, d\u2019autres victimes d\u2019accidents tragiques ou de maladie, et dont plusieurs n\u2019ont pas de s\u00e9pulture connue \u2013 ainsi qu\u2019\u00e0 leurs fr\u00e8res \u00e9galement combattants, aux veuves abandonn\u00e9es \u00e0 leur sort, aux enfants priv\u00e9s de p\u00e8res et aux familles partag\u00e9es entre la fiert\u00e9 de leur sacrifice et le d\u00e9chirement de leur deuil.<\/p>\n<p>Les derniers chapitres sont consacr\u00e9s au retour des survivants et \u00e0 leur adaptation, et \u00e0 celles de leurs proches, \u00e0 un monde transform\u00e9, alors qu\u2019ils abordaient une nouvelle carri\u00e8re ou reprenaient leur emploi et fondaient de nouvelles familles, plusieurs devant composer avec des l\u00e9sions permanentes ou des souvenirs traumatiques.<\/p>\n<p>L\u2019\u00e9glise presbyt\u00e9rienne MacKay est devenue l\u2019\u00e9glise unie MacKay et r\u00e9affirme sa foi chr\u00e9tienne tout en honorant la m\u00e9moire de ceux qui ont accompli le sacrifice supr\u00eame. Cette \u00e9tude sur une \u00e9glise en guerre enrichit notre compr\u00e9hension de l\u2019histoire sociale de la participation du Canada \u00e0 la Premi\u00e8re Guerre mondiale et met \u00e0 profit de nouvelles m\u00e9thodes, incluant la recherche en ligne et les outils de recherche g\u00e9n\u00e9alogique, pour donner vie \u00e0 des personnes qui ont laiss\u00e9 peu de documentation sur leur vie et leur famille.<\/p>\n","protected":false},"excerpt":{"rendered":"<p>Cet ouvrage entrem\u00eale l\u2019histoire des combattants, celle de leurs familles rest\u00e9es au pays et celle de leur \u00e9glise face au d\u00e9fi d\u2019une terrible guerre. Il s\u2019int\u00e9resse particuli\u00e8rement aux 19 hommes qui sont tomb\u00e9s \u00e0 la guerre, ainsi qu\u2019\u00e0 leurs fr\u00e8res \u00e9galement combattants, aux veuves abandonn\u00e9es \u00e0 leur sort, aux enfants priv\u00e9s de p\u00e8res et aux familles partag\u00e9es entre la fiert\u00e9 de leur sacrifice et le d\u00e9chirement de leur deuil. Cette \u00e9tude sur une \u00e9glise en guerre enrichit notre compr\u00e9hension de l\u2019histoire sociale de la participation du Canada \u00e0 la Premi\u00e8re Guerre mondiale et met \u00e0 profit de nouvelles m\u00e9thodes, incluant la recherche en ligne et les outils de recherche g\u00e9n\u00e9alogique, pour donner vie \u00e0 des personnes qui ont laiss\u00e9 peu de documentation sur leur vie et leur famille.<\/p>\n<p><strong>Version anglaise seulement.<\/strong><\/p>\n","protected":false},"featured_media":16053,"comment_status":"open","ping_status":"closed","template":"","meta":{"_acf_changed":false},"product_cat":[604],"product_tag":[],"acf":[],"_links":{"self":[{"href":"https:\/\/www.museedelaguerre.ca\/boutique\/wp-json\/wp\/v2\/product\/16054"}],"collection":[{"href":"https:\/\/www.museedelaguerre.ca\/boutique\/wp-json\/wp\/v2\/product"}],"about":[{"href":"https:\/\/www.museedelaguerre.ca\/boutique\/wp-json\/wp\/v2\/types\/product"}],"replies":[{"embeddable":true,"href":"https:\/\/www.museedelaguerre.ca\/boutique\/wp-json\/wp\/v2\/comments?post=16054"}],"wp:featuredmedia":[{"embeddable":true,"href":"https:\/\/www.museedelaguerre.ca\/boutique\/wp-json\/wp\/v2\/media\/16053"}],"wp:attachment":[{"href":"https:\/\/www.museedelaguerre.ca\/boutique\/wp-json\/wp\/v2\/media?parent=16054"}],"wp:term":[{"taxonomy":"product_cat","embeddable":true,"href":"https:\/\/www.museedelaguerre.ca\/boutique\/wp-json\/wp\/v2\/product_cat?post=16054"},{"taxonomy":"product_tag","embeddable":true,"href":"https:\/\/www.museedelaguerre.ca\/boutique\/wp-json\/wp\/v2\/product_tag?post=16054"}],"curies":[{"name":"wp","href":"https:\/\/api.w.org\/{rel}","templated":true}]}}