
{"id":15067,"date":"2023-12-01T15:09:53","date_gmt":"2023-12-01T20:12:31","guid":{"rendered":"https:\/\/www.warmuseum.ca\/boutique\/?post_type=product&#038;p=15067"},"modified":"2024-01-09T15:40:04","modified_gmt":"2024-01-09T20:40:04","slug":"casse-tete-navires-de-guerre-de-la-deuxieme-guerre-mondiale-1000-morceaux","status":"publish","type":"product","link":"https:\/\/www.museedelaguerre.ca\/boutique\/produit\/casse-tete-navires-de-guerre-de-la-deuxieme-guerre-mondiale-1000-morceaux\/","title":{"rendered":"Casse-t\u00eate navires de guerre de la deuxi\u00e8me guerre mondiale"},"content":{"rendered":"<p>Les navires de guerre am\u00e9ricains, britanniques, allemands et japonais de la deuxi\u00e8me guerre mondiale sont repr\u00e9sent\u00e9s avec des informations essentielles telles que la classe, le type, la date de lancement, les ann\u00e9es de service, le destin et les sp\u00e9cifications g\u00e9n\u00e9rales. Il comprend des navires de guerre c\u00e9l\u00e8bres comme l&#8217;USS Arizona, l&#8217;USS Texas, l&#8217;IJN Yamato et le Bismarck allemand.<\/p>\n<p>Chaque pi\u00e8ce du casse-t\u00eate est fabriqu\u00e9e avec la plus grande pr\u00e9cision, ce qui garantit une exp\u00e9rience de construction solide et agr\u00e9able pour les amateurs de casse-t\u00eate de tous \u00e2ges.<\/p>\n<p>Con\u00e7u en privil\u00e9giant le d\u00e9veloppement durable et le respect de l\u2019environnement, ce casse-t\u00eate est fabriqu\u00e9 \u00e0 partir de carton recycl\u00e9 et imprim\u00e9 avec de l\u2019encre v\u00e9g\u00e9tale, ce qui r\u00e9duit son empreinte \u00e9cologique tout en offrant une option de divertissement sans culpabilit\u00e9.<\/p>\n<p>Avec ses d\u00e9tails complexes et ses informations sur chaque navire, ce casse-t\u00eate est non seulement une source d\u2019amusement sans fin, mais aussi un outil d\u2019apprentissage pr\u00e9cieux.<\/p>\n","protected":false},"excerpt":{"rendered":"<p>Que vous soyez amateur de casse-t\u00eate, passionn\u00e9 d\u2019histoire ou \u00e0 la recherche d\u2019un cadeau unique, le casse-t\u00eate sur les navires de la deuxi\u00e8me guerre mondiale promet de vous ravir et de vous instruire. 1000 pi\u00e8ces qui repr\u00e9sentent un d\u00e9fi gratifiant pour les amateurs de casse-t\u00eate de tous niveaux.<\/p>\n<p>Taille du casse-t\u00eate fini : 49 x 67 cm (19,25 x 26,5 pouces)<\/p>\n","protected":false},"featured_media":15104,"comment_status":"open","ping_status":"closed","template":"","meta":{"_acf_changed":false},"product_cat":[1184,1226],"product_tag":[],"acf":[],"_links":{"self":[{"href":"https:\/\/www.museedelaguerre.ca\/boutique\/wp-json\/wp\/v2\/product\/15067"}],"collection":[{"href":"https:\/\/www.museedelaguerre.ca\/boutique\/wp-json\/wp\/v2\/product"}],"about":[{"href":"https:\/\/www.museedelaguerre.ca\/boutique\/wp-json\/wp\/v2\/types\/product"}],"replies":[{"embeddable":true,"href":"https:\/\/www.museedelaguerre.ca\/boutique\/wp-json\/wp\/v2\/comments?post=15067"}],"wp:featuredmedia":[{"embeddable":true,"href":"https:\/\/www.museedelaguerre.ca\/boutique\/wp-json\/wp\/v2\/media\/15104"}],"wp:attachment":[{"href":"https:\/\/www.museedelaguerre.ca\/boutique\/wp-json\/wp\/v2\/media?parent=15067"}],"wp:term":[{"taxonomy":"product_cat","embeddable":true,"href":"https:\/\/www.museedelaguerre.ca\/boutique\/wp-json\/wp\/v2\/product_cat?post=15067"},{"taxonomy":"product_tag","embeddable":true,"href":"https:\/\/www.museedelaguerre.ca\/boutique\/wp-json\/wp\/v2\/product_tag?post=15067"}],"curies":[{"name":"wp","href":"https:\/\/api.w.org\/{rel}","templated":true}]}}