
{"id":15031,"date":"2023-11-21T14:35:16","date_gmt":"2023-11-21T19:35:59","guid":{"rendered":"https:\/\/www.warmuseum.ca\/boutique\/?post_type=product&#038;p=15031"},"modified":"2023-11-21T14:35:59","modified_gmt":"2023-11-21T19:35:59","slug":"lifesavers-and-body-snatchers-par-tim-cook","status":"publish","type":"product","link":"https:\/\/www.museedelaguerre.ca\/boutique\/produit\/lifesavers-and-body-snatchers-par-tim-cook\/","title":{"rendered":"Lifesavers and Body Snatchers par Tim Cook"},"content":{"rendered":"<p>Les soins m\u00e9dicaux offerts par presque toutes les arm\u00e9es pendant la Grande Guerre, et en particulier par les services m\u00e9dicaux canadiens, \u00e9taient sophistiqu\u00e9s et en constante \u00e9volution. Le nombre de soldats bless\u00e9s sauv\u00e9s est bien plus important que le nombre de soldats perdus. Les m\u00e9decins et les chirurgiens ont emp\u00each\u00e9 les maladies de ravager les arm\u00e9es, ont affront\u00e9 les blessures effroyables caus\u00e9es par les armes chimiques, ont reconstruit des corps bris\u00e9s et se sont efforc\u00e9s d&#8217;apaiser les esprits hant\u00e9s par le combat. Apr\u00e8s la guerre, les le\u00e7ons durement apprises par les m\u00e9decins et les infirmi\u00e8res ont \u00e9t\u00e9 ramen\u00e9es au Canada.<\/p>\n<p>Mais les progr\u00e8s m\u00e9dicaux ne sont pas les seules choses ramen\u00e9es d&#8217;Europe : Lifesavers and Body Snatchers expose l&#8217;histoire troublante du pr\u00e9l\u00e8vement de parties du corps humain dans les unit\u00e9s m\u00e9dicales \u00e0 l&#8217;arri\u00e8re des lignes. Pr\u00e8s de 800 parties de corps ont \u00e9t\u00e9 pr\u00e9lev\u00e9es de cadavres et envoy\u00e9es \u00e0 Londres, en Angleterre, o\u00f9 elles ont \u00e9t\u00e9 stock\u00e9es, trait\u00e9es et pr\u00e9sent\u00e9es dans des galeries d&#8217;exposition. Apr\u00e8s avoir \u00e9t\u00e9 expos\u00e9s l\u00e0-bas, les restes ont \u00e9t\u00e9 expos\u00e9s au Canada. Cette page de l&#8217;histoire n&#8217;a jamais \u00e9t\u00e9 racont\u00e9e auparavant et fait partie de l&#8217;h\u00e9ritage cach\u00e9 de la m\u00e9decine de guerre.<\/p>\n<p>Bas\u00e9 sur des recherches d&#8217;archives approfondies et des lettres in\u00e9dites de soldats et de personnel m\u00e9dical, Lifesavers and Body Snatchers est un r\u00e9cit puissant, racont\u00e9 dans le style litt\u00e9raire classique de Tim Cook, qui r\u00e9v\u00e8le comment les services m\u00e9dicaux ont soutenu les soldats au front et ont forg\u00e9 un h\u00e9ritage profond en fa\u00e7onnant la sant\u00e9 publique canadienne dans les d\u00e9cennies qui ont suivi.<\/p>\n<p>\u00ab Cook a une ma\u00eetrise in\u00e9gal\u00e9e des sources d&#8217;archives et r\u00e9v\u00e8le ici pour la premi\u00e8re fois le programme de pr\u00e9l\u00e8vement de tissus sur les soldats tomb\u00e9s au combat \u00e0 des fins d&#8217;\u00e9tude m\u00e9dicale. \u00bb &#8211; Toronto Star<\/p>\n","protected":false},"excerpt":{"rendered":"<p><em>Lifesavers and Body Snatchers : Medical Care and the Struggle for Survival in the Great War<\/em> par Tim Cook, l&#8217;auteur \u00e0 succ\u00e8s de <em>Vimy : The Battle and the Legend<\/em>.<\/p>\n<p>Un des plus grand historiens de guerre du Canada, Tim Cook, raconte l&#8217;histoire m\u00e9dicale de la Grande Guerre et explique comment le carnage des batailles modernes a donn\u00e9 naissance \u00e0 des innovations r\u00e9volutionnaires qui ont permis de sauver des vies.<\/p>\n<p><strong>Ce livre a \u00e9t\u00e9 s\u00e9lectionn\u00e9 pour le Templer Medal Book Prize et a remport\u00e9 le 2023 Ottawa Book Award.<\/strong><\/p>\n<p><strong>Version anglaise seulement.<\/strong><\/p>\n","protected":false},"featured_media":15035,"comment_status":"open","ping_status":"closed","template":"","meta":{"_acf_changed":false},"product_cat":[604],"product_tag":[],"acf":[],"_links":{"self":[{"href":"https:\/\/www.museedelaguerre.ca\/boutique\/wp-json\/wp\/v2\/product\/15031"}],"collection":[{"href":"https:\/\/www.museedelaguerre.ca\/boutique\/wp-json\/wp\/v2\/product"}],"about":[{"href":"https:\/\/www.museedelaguerre.ca\/boutique\/wp-json\/wp\/v2\/types\/product"}],"replies":[{"embeddable":true,"href":"https:\/\/www.museedelaguerre.ca\/boutique\/wp-json\/wp\/v2\/comments?post=15031"}],"wp:featuredmedia":[{"embeddable":true,"href":"https:\/\/www.museedelaguerre.ca\/boutique\/wp-json\/wp\/v2\/media\/15035"}],"wp:attachment":[{"href":"https:\/\/www.museedelaguerre.ca\/boutique\/wp-json\/wp\/v2\/media?parent=15031"}],"wp:term":[{"taxonomy":"product_cat","embeddable":true,"href":"https:\/\/www.museedelaguerre.ca\/boutique\/wp-json\/wp\/v2\/product_cat?post=15031"},{"taxonomy":"product_tag","embeddable":true,"href":"https:\/\/www.museedelaguerre.ca\/boutique\/wp-json\/wp\/v2\/product_tag?post=15031"}],"curies":[{"name":"wp","href":"https:\/\/api.w.org\/{rel}","templated":true}]}}