
{"id":14930,"date":"2023-11-02T16:18:39","date_gmt":"2023-11-02T20:18:27","guid":{"rendered":"https:\/\/www.warmuseum.ca\/boutique\/?post_type=product&#038;p=14930"},"modified":"2023-11-07T09:18:13","modified_gmt":"2023-11-07T14:18:13","slug":"groupe-9-catalogue-officiel-de-lexposition","status":"publish","type":"product","link":"https:\/\/www.museedelaguerre.ca\/boutique\/produit\/groupe-9-catalogue-officiel-de-lexposition\/","title":{"rendered":"Groupe 9 catalogue officiel de l&#8217;exposition"},"content":{"rendered":"<p>&#8220;Comme chaque cohorte artistique pr\u00e9c\u00e9dente, les artistes du groupe 9 du PAFC ont su saisir des moments vifs, discrets et individuels. Leurs oeuvres permettent \u00e9galement d&#8217;engager des conversations sur le service, la comm\u00e9moration et le conflit, ainsi que sur l&#8217;humanit\u00e9, l&#8217;identit\u00e9 et l&#8217;espoir, qui se poursuivront pendant des d\u00e9cennies.&#8221; &#8211; Dean F. Oliver, PH. D.,\u00a0 directeur g\u00e9n\u00e9ral par int\u00e9rim et vice-pr\u00e9sident du Mus\u00e9e canadien de la guerre<\/p>\n<p>Les artistes du groupe 9 du CFAP contribuent \u00e0 la riche tradition d&#8217;interpr\u00e9tation du pass\u00e9 et du pr\u00e9sent militaire du Canada, des guerres mondiales aux missions de maintien de la paix de l&#8217;ONU, en passant par la guerre en Afghanistan, la participation de l&#8217;OTAN et les t\u00e2ches quotidiennes accomplies par les militaires canadiens.<\/p>\n","protected":false},"excerpt":{"rendered":"<p>Catalogue officiel de l&#8217;exposition Groupe 9, h\u00e9berg\u00e9e par le Mus\u00e9e canadien de la guerre du 2 novembre 2023 au 17 mars 2024.<\/p>\n<p>Groupe 9 est une exposition d&#8217;art militaire contemporain accueillie par le Mus\u00e9e canadien de la guerre. Il s&#8217;agit du neuvi\u00e8me groupe du Programme d&#8217;arts de forces canadiennes (PAFC) qui pr\u00e9sente quatre artistes : Jean-Pierre Aub\u00e9, Alana Bartol, Olivia Rozema et Jessica Lynn Wiebe.<\/p>\n<p>Dimensions : 5,3 x 5,3 cm (6 x 6 pouces)<\/p>\n<p><strong>Bilingue.<\/strong><\/p>\n","protected":false},"featured_media":14929,"comment_status":"open","ping_status":"closed","template":"","meta":{"_acf_changed":false},"product_cat":[604],"product_tag":[1213],"acf":[],"_links":{"self":[{"href":"https:\/\/www.museedelaguerre.ca\/boutique\/wp-json\/wp\/v2\/product\/14930"}],"collection":[{"href":"https:\/\/www.museedelaguerre.ca\/boutique\/wp-json\/wp\/v2\/product"}],"about":[{"href":"https:\/\/www.museedelaguerre.ca\/boutique\/wp-json\/wp\/v2\/types\/product"}],"replies":[{"embeddable":true,"href":"https:\/\/www.museedelaguerre.ca\/boutique\/wp-json\/wp\/v2\/comments?post=14930"}],"wp:featuredmedia":[{"embeddable":true,"href":"https:\/\/www.museedelaguerre.ca\/boutique\/wp-json\/wp\/v2\/media\/14929"}],"wp:attachment":[{"href":"https:\/\/www.museedelaguerre.ca\/boutique\/wp-json\/wp\/v2\/media?parent=14930"}],"wp:term":[{"taxonomy":"product_cat","embeddable":true,"href":"https:\/\/www.museedelaguerre.ca\/boutique\/wp-json\/wp\/v2\/product_cat?post=14930"},{"taxonomy":"product_tag","embeddable":true,"href":"https:\/\/www.museedelaguerre.ca\/boutique\/wp-json\/wp\/v2\/product_tag?post=14930"}],"curies":[{"name":"wp","href":"https:\/\/api.w.org\/{rel}","templated":true}]}}