
{"id":14880,"date":"2023-10-19T13:44:41","date_gmt":"2023-10-19T17:43:28","guid":{"rendered":"https:\/\/www.warmuseum.ca\/boutique\/?post_type=product&#038;p=14880"},"modified":"2023-10-19T13:43:28","modified_gmt":"2023-10-19T17:43:28","slug":"aimant-coquelicot","status":"publish","type":"product","link":"https:\/\/www.museedelaguerre.ca\/boutique\/produit\/aimant-coquelicot\/","title":{"rendered":"Aimant Coquelicot"},"content":{"rendered":"","protected":false},"excerpt":{"rendered":"<p>Mettez en valeur votre r\u00e9frig\u00e9rateur ou votre voiture avec notre aimant en forme de coquelicot. Mince et flexible, il fonctionne aussi bien \u00e0 l&#8217;int\u00e9rieur qu&#8217;\u00e0 l&#8217;ext\u00e9rieur. Affichez fi\u00e8rement cet aimant coquelicot partout o\u00f9 vous le souhaitez !<\/p>\n<p>Dimensions : 10 x 10 cm (4 x 4 pouces)<\/p>\n","protected":false},"featured_media":14882,"comment_status":"open","ping_status":"closed","template":"","meta":{"_acf_changed":false},"product_cat":[951,997,667],"product_tag":[],"acf":[],"_links":{"self":[{"href":"https:\/\/www.museedelaguerre.ca\/boutique\/wp-json\/wp\/v2\/product\/14880"}],"collection":[{"href":"https:\/\/www.museedelaguerre.ca\/boutique\/wp-json\/wp\/v2\/product"}],"about":[{"href":"https:\/\/www.museedelaguerre.ca\/boutique\/wp-json\/wp\/v2\/types\/product"}],"replies":[{"embeddable":true,"href":"https:\/\/www.museedelaguerre.ca\/boutique\/wp-json\/wp\/v2\/comments?post=14880"}],"wp:featuredmedia":[{"embeddable":true,"href":"https:\/\/www.museedelaguerre.ca\/boutique\/wp-json\/wp\/v2\/media\/14882"}],"wp:attachment":[{"href":"https:\/\/www.museedelaguerre.ca\/boutique\/wp-json\/wp\/v2\/media?parent=14880"}],"wp:term":[{"taxonomy":"product_cat","embeddable":true,"href":"https:\/\/www.museedelaguerre.ca\/boutique\/wp-json\/wp\/v2\/product_cat?post=14880"},{"taxonomy":"product_tag","embeddable":true,"href":"https:\/\/www.museedelaguerre.ca\/boutique\/wp-json\/wp\/v2\/product_tag?post=14880"}],"curies":[{"name":"wp","href":"https:\/\/api.w.org\/{rel}","templated":true}]}}