
{"id":14782,"date":"2023-09-26T14:23:24","date_gmt":"2023-09-27T14:19:35","guid":{"rendered":"https:\/\/www.warmuseum.ca\/boutique\/?post_type=product&#038;p=14782"},"modified":"2025-10-15T09:05:56","modified_gmt":"2025-10-15T13:05:56","slug":"broche-coquelicot","status":"publish","type":"product","link":"https:\/\/www.museedelaguerre.ca\/boutique\/produit\/broche-coquelicot\/","title":{"rendered":"Broche Coquelicot"},"content":{"rendered":"","protected":false},"excerpt":{"rendered":"<p>L&#8217;\u00e9quipe de conception de la <em>L\u00e9gion<\/em>, dirig\u00e9e par l&#8217;artiste Karen Taylor, est partie de l&#8217;id\u00e9e de produire un bijou dont le th\u00e8me est le Souvenir tout en \u00e9tant magnifique. Le r\u00e9sultat est cette broche Coquelicot \u00e9l\u00e9gante. On retrouve au centre de la broche des pierres noires incrust\u00e9es, nich\u00e9es parmi des p\u00e9tales \u00e9maill\u00e9es d\u2019un rouge fonc\u00e9 sur de l\u2019\u00e9tain plaqu\u00e9 argent, le tout retenu \u00e0 votre v\u00eatement par une broche traditionnelle.<\/p>\n<p>D&#8217;une largeur de 1 \u00bc po, elle est assez distincte pour t\u00e9moigner de votre engagement lors du jour du Souvenir, mais demeure quand m\u00eame assez discr\u00e8te pour ajouter \u00e0 votre garde-robe un accent de bon go\u00fbt en tout autre temps.<\/p>\n","protected":false},"featured_media":19028,"comment_status":"open","ping_status":"closed","template":"","meta":{"_acf_changed":false},"product_cat":[1260,1256,951,997,660,1001],"product_tag":[1213],"acf":[],"_links":{"self":[{"href":"https:\/\/www.museedelaguerre.ca\/boutique\/wp-json\/wp\/v2\/product\/14782"}],"collection":[{"href":"https:\/\/www.museedelaguerre.ca\/boutique\/wp-json\/wp\/v2\/product"}],"about":[{"href":"https:\/\/www.museedelaguerre.ca\/boutique\/wp-json\/wp\/v2\/types\/product"}],"replies":[{"embeddable":true,"href":"https:\/\/www.museedelaguerre.ca\/boutique\/wp-json\/wp\/v2\/comments?post=14782"}],"wp:featuredmedia":[{"embeddable":true,"href":"https:\/\/www.museedelaguerre.ca\/boutique\/wp-json\/wp\/v2\/media\/19028"}],"wp:attachment":[{"href":"https:\/\/www.museedelaguerre.ca\/boutique\/wp-json\/wp\/v2\/media?parent=14782"}],"wp:term":[{"taxonomy":"product_cat","embeddable":true,"href":"https:\/\/www.museedelaguerre.ca\/boutique\/wp-json\/wp\/v2\/product_cat?post=14782"},{"taxonomy":"product_tag","embeddable":true,"href":"https:\/\/www.museedelaguerre.ca\/boutique\/wp-json\/wp\/v2\/product_tag?post=14782"}],"curies":[{"name":"wp","href":"https:\/\/api.w.org\/{rel}","templated":true}]}}