
{"id":14455,"date":"2023-07-26T09:51:43","date_gmt":"2023-07-26T13:51:51","guid":{"rendered":"https:\/\/www.warmuseum.ca\/boutique\/?post_type=product&#038;p=14455"},"modified":"2025-02-11T11:36:54","modified_gmt":"2025-02-11T16:36:54","slug":"ourson-pilote","status":"publish","type":"product","link":"https:\/\/www.museedelaguerre.ca\/boutique\/produit\/ourson-pilote\/","title":{"rendered":"Ourson Pilote"},"content":{"rendered":"<p>Voici notre adorable et courageux ours pilote, v\u00e9ritable symbole de bravoure et d&#8217;histoire ! Ce compagnon en peluche conquiert le c\u0153ur de tous ceux qui le rencontrent au Mus\u00e9e canadien de la guerre.<\/p>\n<p>V\u00eatu d&#8217;une tenue d&#8217;aviateur, comprenant une veste de bombardier, un chapeau d&#8217;aviateur classique et une \u00e9charpe, notre ours pilote incarne l&#8217;esprit de l&#8217;aviation en temps de guerre. Sa taille adorable en fait un souvenir irr\u00e9sistible pour les enfants comme pour les adultes.<\/p>\n<p>Cet ours pilote rappelle les hommes et les femmes courageux qui ont combattu dans le ciel pour prot\u00e9ger et d\u00e9fendre le Canada en temps de conflit. Qu&#8217;il soit expos\u00e9 fi\u00e8rement sur une \u00e9tag\u00e8re ou offert en cadeau, cet adorable ours incarne l&#8217;essence du courage et rend hommage \u00e0 l&#8217;histoire impressionnante du Mus\u00e9e canadien de la guerre.<\/p>\n","protected":false},"excerpt":{"rendered":"<p>Voici notre ourson pilote de 9 pouces, un adorable aviateur portant une veste et un chapeau de bombardier classiques ! Ce compagnon en peluche rend hommage aux hommes et aux femmes courageux de l&#8217;histoire de l&#8217;aviation canadienne.<\/p>\n","protected":false},"featured_media":14449,"comment_status":"open","ping_status":"closed","template":"","meta":{"_acf_changed":false},"product_cat":[1256,1237],"product_tag":[1252],"acf":[],"_links":{"self":[{"href":"https:\/\/www.museedelaguerre.ca\/boutique\/wp-json\/wp\/v2\/product\/14455"}],"collection":[{"href":"https:\/\/www.museedelaguerre.ca\/boutique\/wp-json\/wp\/v2\/product"}],"about":[{"href":"https:\/\/www.museedelaguerre.ca\/boutique\/wp-json\/wp\/v2\/types\/product"}],"replies":[{"embeddable":true,"href":"https:\/\/www.museedelaguerre.ca\/boutique\/wp-json\/wp\/v2\/comments?post=14455"}],"wp:featuredmedia":[{"embeddable":true,"href":"https:\/\/www.museedelaguerre.ca\/boutique\/wp-json\/wp\/v2\/media\/14449"}],"wp:attachment":[{"href":"https:\/\/www.museedelaguerre.ca\/boutique\/wp-json\/wp\/v2\/media?parent=14455"}],"wp:term":[{"taxonomy":"product_cat","embeddable":true,"href":"https:\/\/www.museedelaguerre.ca\/boutique\/wp-json\/wp\/v2\/product_cat?post=14455"},{"taxonomy":"product_tag","embeddable":true,"href":"https:\/\/www.museedelaguerre.ca\/boutique\/wp-json\/wp\/v2\/product_tag?post=14455"}],"curies":[{"name":"wp","href":"https:\/\/api.w.org\/{rel}","templated":true}]}}