
{"id":14444,"date":"2023-07-26T09:24:16","date_gmt":"2023-07-26T13:24:25","guid":{"rendered":"https:\/\/www.warmuseum.ca\/boutique\/?post_type=product&#038;p=14444"},"modified":"2025-02-11T11:37:07","modified_gmt":"2025-02-11T16:37:07","slug":"ourson-soldat","status":"publish","type":"product","link":"https:\/\/www.museedelaguerre.ca\/boutique\/produit\/ourson-soldat\/","title":{"rendered":"Ourson Soldat"},"content":{"rendered":"<p>Voici notre brave et adorable Ourson Soldat ! Du haut de ses 11 pouces, ce compagnon en peluche est pr\u00eat \u00e0 s&#8217;embarquer dans des aventures excitantes avec vous. V\u00eatu d&#8217;un uniforme de soldat camouflage, notre ourson soldat est un symbole de bravoure et de courage.<\/p>\n<p>Avec sa fourrure douce et r\u00e9confortante, cet ourson est le compagnon id\u00e9al pour les jeux et le temps du coucher. Qu&#8217;il participe \u00e0 des batailles imaginaires, qu&#8217;il monte la garde pendant les missions de jeu ou qu&#8217;il soit simplement une \u00e9paule sur laquelle s&#8217;appuyer, notre ourson Soldat incarne l&#8217;esprit d&#8217;un v\u00e9ritable h\u00e9ros.<\/p>\n<p>Il nous rappelle les hommes et les femmes courageux qui prot\u00e8gent notre pays et nous inspirent \u00e0 faire preuve de courage et de r\u00e9silience face aux d\u00e9fis.<\/p>\n","protected":false},"excerpt":{"rendered":"<p>L&#8217;ourson Soldat est v\u00eatu d&#8217;un uniforme de soldat et est pr\u00eat \u00e0 passer \u00e0 l&#8217;action. Honorez l&#8217;esprit de bravoure avec cet adorable symbole de courage !<\/p>\n","protected":false},"featured_media":14441,"comment_status":"open","ping_status":"closed","template":"","meta":{"_acf_changed":false},"product_cat":[1256,1237],"product_tag":[1252],"acf":[],"_links":{"self":[{"href":"https:\/\/www.museedelaguerre.ca\/boutique\/wp-json\/wp\/v2\/product\/14444"}],"collection":[{"href":"https:\/\/www.museedelaguerre.ca\/boutique\/wp-json\/wp\/v2\/product"}],"about":[{"href":"https:\/\/www.museedelaguerre.ca\/boutique\/wp-json\/wp\/v2\/types\/product"}],"replies":[{"embeddable":true,"href":"https:\/\/www.museedelaguerre.ca\/boutique\/wp-json\/wp\/v2\/comments?post=14444"}],"wp:featuredmedia":[{"embeddable":true,"href":"https:\/\/www.museedelaguerre.ca\/boutique\/wp-json\/wp\/v2\/media\/14441"}],"wp:attachment":[{"href":"https:\/\/www.museedelaguerre.ca\/boutique\/wp-json\/wp\/v2\/media?parent=14444"}],"wp:term":[{"taxonomy":"product_cat","embeddable":true,"href":"https:\/\/www.museedelaguerre.ca\/boutique\/wp-json\/wp\/v2\/product_cat?post=14444"},{"taxonomy":"product_tag","embeddable":true,"href":"https:\/\/www.museedelaguerre.ca\/boutique\/wp-json\/wp\/v2\/product_tag?post=14444"}],"curies":[{"name":"wp","href":"https:\/\/api.w.org\/{rel}","templated":true}]}}