
{"id":13353,"date":"2021-11-05T10:19:32","date_gmt":"2021-11-23T14:57:05","guid":{"rendered":"https:\/\/www.warmuseum.ca\/boutique\/?post_type=product&#038;p=13353"},"modified":"2024-12-03T23:00:23","modified_gmt":"2024-12-04T04:00:23","slug":"une-paix-violente","status":"publish","type":"product","link":"https:\/\/www.museedelaguerre.ca\/boutique\/produit\/une-paix-violente\/","title":{"rendered":"Une paix violente"},"content":{"rendered":"<p><strong>Une paix violente<\/strong><br \/>\npar Andrew Burtch<\/p>\n<p>Novembre 2021, ISBN : 978-0-660-37861-9<br \/>\n120 pages, 63 illustrations, 15 cm x 15 cm, broch\u00e9<\/p>\n<p>Apr\u00e8s les six longues ann\u00e9es qu\u2019a dur\u00e9 la Seconde Guerre mondiale, plus d\u2019un million d\u2019hommes et de femmes en uniforme on fait un retour \u00e0 la vie civile. Pourtant, m\u00eame avec un contexte de paix en plein essor, des menaces se profilaient \u00e0 l\u2019horizon.<\/p>\n<p>L\u2019alliance nou\u00e9e entre l\u2019Occident et l\u2019Union sovi\u00e9tique en temps de guerre s\u2019est effondr\u00e9e; la sc\u00e8ne mondiale a alors \u00e9t\u00e9 divis\u00e9e entre les superpuissances. Dans cette nouvelle guerre froide, le Canada s\u2019est joint aux alliances militaires et aux missions de maintien de la paix de l\u2019ONU, tandis que sa population vivait sous la menace de l\u2019\u00e9clatement d\u2019une guerre nucl\u00e9aire.<\/p>\n<p>La guerre froide ne s\u2019est pas termin\u00e9e par la paix : les guerres civiles, le nettoyage ethnique et le terrorisme ont pris de l\u2019ampleur. La guerre en Afghanistan a quant \u00e0 elle donn\u00e9 naissance \u00e0 une nouvelle g\u00e9n\u00e9ration d\u2019anciennes combattantes et d\u2019anciens combattants ayant maintenant, elle aussi, ses propres r\u00e9cits d\u2019\u00e9preuves, de courage et de pertes.<\/p>\n<p>Dans ce catalogue-souvenir, d\u00e9couvrez comment les Canadiennes et les Canadiens ont r\u00e9agi aux 75 derni\u00e8res ann\u00e9es, marqu\u00e9es par la guerre froide ainsi que par les tensions, les entreprises de maintien de la paix et les conflits qui en ont d\u00e9coul\u00e9.<\/p>\n","protected":false},"excerpt":{"rendered":"<p>Apr\u00e8s la Seconde Guerre mondiale, les familles ont v\u00e9cu sous la menace nucl\u00e9aire, les libert\u00e9s civiles ont \u00e9t\u00e9 restreintes au nom de la s\u00e9curit\u00e9 et le Canada est intervenu pour faire avancer les processus de paix \u00e0 l\u2019\u00e9tranger. Dans ce catalogue-souvenir, d\u00e9couvrez comment les Canadiennes et les Canadiens ont r\u00e9agi aux 75 derni\u00e8res ann\u00e9es, marqu\u00e9es par la guerre froide ainsi que par les tensions, les entreprises de maintien de la paix et les conflits qui en ont d\u00e9coul\u00e9.<\/p>\n","protected":false},"featured_media":15267,"comment_status":"open","ping_status":"closed","template":"","meta":{"_acf_changed":false},"product_cat":[604,683],"product_tag":[1213],"acf":[],"_links":{"self":[{"href":"https:\/\/www.museedelaguerre.ca\/boutique\/wp-json\/wp\/v2\/product\/13353"}],"collection":[{"href":"https:\/\/www.museedelaguerre.ca\/boutique\/wp-json\/wp\/v2\/product"}],"about":[{"href":"https:\/\/www.museedelaguerre.ca\/boutique\/wp-json\/wp\/v2\/types\/product"}],"replies":[{"embeddable":true,"href":"https:\/\/www.museedelaguerre.ca\/boutique\/wp-json\/wp\/v2\/comments?post=13353"}],"wp:featuredmedia":[{"embeddable":true,"href":"https:\/\/www.museedelaguerre.ca\/boutique\/wp-json\/wp\/v2\/media\/15267"}],"wp:attachment":[{"href":"https:\/\/www.museedelaguerre.ca\/boutique\/wp-json\/wp\/v2\/media?parent=13353"}],"wp:term":[{"taxonomy":"product_cat","embeddable":true,"href":"https:\/\/www.museedelaguerre.ca\/boutique\/wp-json\/wp\/v2\/product_cat?post=13353"},{"taxonomy":"product_tag","embeddable":true,"href":"https:\/\/www.museedelaguerre.ca\/boutique\/wp-json\/wp\/v2\/product_tag?post=13353"}],"curies":[{"name":"wp","href":"https:\/\/api.w.org\/{rel}","templated":true}]}}