
{"id":11667,"date":"2020-06-30T08:33:47","date_gmt":"2020-07-13T13:13:28","guid":{"rendered":"https:\/\/www.warmuseum.ca\/boutique\/?post_type=product&#038;p=11667"},"modified":"2020-07-13T09:13:29","modified_gmt":"2020-07-13T13:13:29","slug":"epinglette-de-la-tombe-du-soldat-inconnu-bilingue","status":"publish","type":"product","link":"https:\/\/www.museedelaguerre.ca\/boutique\/produit\/epinglette-de-la-tombe-du-soldat-inconnu-bilingue\/","title":{"rendered":"\u00c9pinglette de la Tombe du soldat inconnu, bilingue"},"content":{"rendered":"<p>Alors que 2015 marquait le quinzi\u00e8me anniversaire de la mise en terre du Soldat inconnu au Monument comm\u00e9moratif de guerre du Canada, La L\u00e9gion royale canadienne a command\u00e9 cette \u00e9pinglette comm\u00e9morative de la Tombe du soldat inconnu pour montrer son appui \u00e0 la comm\u00e9moration de cette p\u00e9riode historique du centenaire de l\u2019histoire du Canada. L\u2019\u00e9pinglette est une version r\u00e9duite de l\u2019\u0153uvre en bronze au sommet de la tombe, repr\u00e9sentant une \u00e9p\u00e9e m\u00e9di\u00e9vale, un casque de la Premi\u00e8re Guerre mondiale et des branches d\u2019\u00e9rable et de feuilles de laurier.<\/p>\n","protected":false},"excerpt":{"rendered":"<p>Le Canada rapatria de France les restes d\u2019un soldat inconnu en mai 2000 et les inhuma au Monument comm\u00e9moratif de guerre, \u00e0 Ottawa. Cette id\u00e9e \u00e9tait \u00e0 l\u2019origine un projet du mill\u00e9naire de la L\u00e9gion royale canadienne. Le projet fut coordonn\u00e9 par Anciens Combattants Canada.<\/p>\n","protected":false},"featured_media":15676,"comment_status":"open","ping_status":"closed","template":"","meta":{"_acf_changed":false},"product_cat":[1001],"product_tag":[],"acf":[],"_links":{"self":[{"href":"https:\/\/www.museedelaguerre.ca\/boutique\/wp-json\/wp\/v2\/product\/11667"}],"collection":[{"href":"https:\/\/www.museedelaguerre.ca\/boutique\/wp-json\/wp\/v2\/product"}],"about":[{"href":"https:\/\/www.museedelaguerre.ca\/boutique\/wp-json\/wp\/v2\/types\/product"}],"replies":[{"embeddable":true,"href":"https:\/\/www.museedelaguerre.ca\/boutique\/wp-json\/wp\/v2\/comments?post=11667"}],"wp:featuredmedia":[{"embeddable":true,"href":"https:\/\/www.museedelaguerre.ca\/boutique\/wp-json\/wp\/v2\/media\/15676"}],"wp:attachment":[{"href":"https:\/\/www.museedelaguerre.ca\/boutique\/wp-json\/wp\/v2\/media?parent=11667"}],"wp:term":[{"taxonomy":"product_cat","embeddable":true,"href":"https:\/\/www.museedelaguerre.ca\/boutique\/wp-json\/wp\/v2\/product_cat?post=11667"},{"taxonomy":"product_tag","embeddable":true,"href":"https:\/\/www.museedelaguerre.ca\/boutique\/wp-json\/wp\/v2\/product_tag?post=11667"}],"curies":[{"name":"wp","href":"https:\/\/api.w.org\/{rel}","templated":true}]}}