
{"id":11662,"date":"2020-06-25T15:02:17","date_gmt":"2020-07-13T13:13:49","guid":{"rendered":"https:\/\/www.warmuseum.ca\/boutique\/?post_type=product&#038;p=11662"},"modified":"2020-07-13T09:13:49","modified_gmt":"2020-07-13T13:13:49","slug":"epinglette-veterans-autochtones","status":"publish","type":"product","link":"https:\/\/www.museedelaguerre.ca\/boutique\/produit\/epinglette-veterans-autochtones\/","title":{"rendered":"\u00c9pinglette \u00ab V\u00e9t\u00e9rans autochtones \u00bb"},"content":{"rendered":"<p>Cette \u00e9pinglette comm\u00e9morative affiche le Coquelicot de la L\u00e9gion au centre d&#8217;un capteur de r\u00eaves, leur ensemble reconnaissant les efforts et sacrifices des v\u00e9t\u00e9rans de toutes les communaut\u00e9s autochtones. Pr\u00e9sent\u00e9e de fa\u00e7on attrayante sur une carte d\u00e9corative avec l\u00e9gende.<\/p>\n","protected":false},"excerpt":{"rendered":"<p>La L\u00e9gion royale canadienne se souvient des v\u00e9t\u00e9rans autochtones du Canada et de la contribution significative qu\u2019ils ont faite au cours de notre longue histoire, contribution qui se poursuit de nos jours.<\/p>\n","protected":false},"featured_media":15565,"comment_status":"open","ping_status":"closed","template":"","meta":{"_acf_changed":false},"product_cat":[951,660,1001],"product_tag":[],"acf":[],"_links":{"self":[{"href":"https:\/\/www.museedelaguerre.ca\/boutique\/wp-json\/wp\/v2\/product\/11662"}],"collection":[{"href":"https:\/\/www.museedelaguerre.ca\/boutique\/wp-json\/wp\/v2\/product"}],"about":[{"href":"https:\/\/www.museedelaguerre.ca\/boutique\/wp-json\/wp\/v2\/types\/product"}],"replies":[{"embeddable":true,"href":"https:\/\/www.museedelaguerre.ca\/boutique\/wp-json\/wp\/v2\/comments?post=11662"}],"wp:featuredmedia":[{"embeddable":true,"href":"https:\/\/www.museedelaguerre.ca\/boutique\/wp-json\/wp\/v2\/media\/15565"}],"wp:attachment":[{"href":"https:\/\/www.museedelaguerre.ca\/boutique\/wp-json\/wp\/v2\/media?parent=11662"}],"wp:term":[{"taxonomy":"product_cat","embeddable":true,"href":"https:\/\/www.museedelaguerre.ca\/boutique\/wp-json\/wp\/v2\/product_cat?post=11662"},{"taxonomy":"product_tag","embeddable":true,"href":"https:\/\/www.museedelaguerre.ca\/boutique\/wp-json\/wp\/v2\/product_tag?post=11662"}],"curies":[{"name":"wp","href":"https:\/\/api.w.org\/{rel}","templated":true}]}}