
{"id":11651,"date":"2020-06-25T14:33:02","date_gmt":"2020-07-13T13:24:01","guid":{"rendered":"https:\/\/www.warmuseum.ca\/boutique\/?post_type=product&#038;p=11651"},"modified":"2020-07-13T09:24:01","modified_gmt":"2020-07-13T13:24:01","slug":"epinglette-du-jour-de-larmistice","status":"publish","type":"product","link":"https:\/\/www.museedelaguerre.ca\/boutique\/produit\/epinglette-du-jour-de-larmistice\/","title":{"rendered":"\u00c9pinglette du Jour de l&#8217;Armistice"},"content":{"rendered":"<p>Armistice, la 11e heure du 11e jour du 11e mois marquait la fin de la Premi\u00e8re Guerre mondiale en 1918, la fondation de la Tradition du Souvenir. L&#8217;objectif manifeste de la L\u00e9gion est de maintenir le lien entre le jour du Souvenir et les \u00e9v\u00e8nements historiques sur lesquels la Tradition se fonde. Pour vous aider \u00e0 transmettre ce message, la L\u00e9gion offre cette \u00e9pinglette frapp\u00e9e d&#8217;un pouce de diam\u00e8tre et rehauss\u00e9e d&#8217;un fini hautement poli et d&#8217;\u00e9mail dur de qualit\u00e9, avec attache de s\u00fbret\u00e9 fiable. Cette \u00e9pinglette peut \u00eatre port\u00e9e sur presque tout v\u00eatement au cours de l\u2019ann\u00e9e et est pr\u00e9sent\u00e9e de fa\u00e7on attrayante sur une carte d\u00e9corative avec l\u00e9gende.<\/p>\n","protected":false},"excerpt":{"rendered":"<p>Au lendemain de la Premi\u00e8re Guerre mondiale, on a commenc\u00e9 \u00e0 organiser une journ\u00e9e de comm\u00e9moration annuelle \u00e0 la m\u00e9moire des Canadiens morts \u00e0 la guerre. Comme pr\u00e8s de 60 000 Canadiens y ont \u00e9t\u00e9 tu\u00e9s, la guerre a laiss\u00e9 un profond sentiment de perte dans un pays o\u00f9 la plus grande trag\u00e9die militaire avait \u00e9t\u00e9 jusque l\u00e0 la mort de 267 soldats au cours de la Guerre des Bo\u00ebrs, de 1899 \u00e0 1902. Le co\u00fbt \u00e9lev\u00e9 de la Grande Guerre a profond\u00e9ment marqu\u00e9 le Canada, et toutes les autres nations combattantes. D\u00e8s avril 1919, Isaac Pedlow, d\u00e9put\u00e9 de South Renfrew, a pr\u00e9sent\u00e9 une motion \u00e0 la Chambre des communes afin d&#8217;instituer un jour de l&#8217;Armistice qui aurait lieu le deuxi\u00e8me lundi du mois de novembre chaque ann\u00e9e. Le terme \u00ab armistice \u00bb d\u00e9note la suspension des hostilit\u00e9s lors d&#8217;un conflit, et est utilis\u00e9 de fa\u00e7on universelle pour d\u00e9signer le moment o\u00f9 les derniers canons se sont tus, mettant ainsi fin \u00e0 la Premi\u00e8re Guerre mondiale, \u00e0 11 h, le 11 novembre 1918.<\/p>\n","protected":false},"featured_media":14566,"comment_status":"open","ping_status":"closed","template":"","meta":{"_acf_changed":false},"product_cat":[951,1013,660,1001],"product_tag":[],"acf":[],"_links":{"self":[{"href":"https:\/\/www.museedelaguerre.ca\/boutique\/wp-json\/wp\/v2\/product\/11651"}],"collection":[{"href":"https:\/\/www.museedelaguerre.ca\/boutique\/wp-json\/wp\/v2\/product"}],"about":[{"href":"https:\/\/www.museedelaguerre.ca\/boutique\/wp-json\/wp\/v2\/types\/product"}],"replies":[{"embeddable":true,"href":"https:\/\/www.museedelaguerre.ca\/boutique\/wp-json\/wp\/v2\/comments?post=11651"}],"wp:featuredmedia":[{"embeddable":true,"href":"https:\/\/www.museedelaguerre.ca\/boutique\/wp-json\/wp\/v2\/media\/14566"}],"wp:attachment":[{"href":"https:\/\/www.museedelaguerre.ca\/boutique\/wp-json\/wp\/v2\/media?parent=11651"}],"wp:term":[{"taxonomy":"product_cat","embeddable":true,"href":"https:\/\/www.museedelaguerre.ca\/boutique\/wp-json\/wp\/v2\/product_cat?post=11651"},{"taxonomy":"product_tag","embeddable":true,"href":"https:\/\/www.museedelaguerre.ca\/boutique\/wp-json\/wp\/v2\/product_tag?post=11651"}],"curies":[{"name":"wp","href":"https:\/\/api.w.org\/{rel}","templated":true}]}}