
{"id":11641,"date":"2020-06-25T14:13:54","date_gmt":"2020-07-13T13:25:12","guid":{"rendered":"https:\/\/www.warmuseum.ca\/boutique\/?post_type=product&#038;p=11641"},"modified":"2024-01-05T15:24:59","modified_gmt":"2024-01-05T20:24:59","slug":"epinglette-du-jour-j","status":"publish","type":"product","link":"https:\/\/www.museedelaguerre.ca\/boutique\/produit\/epinglette-du-jour-j\/","title":{"rendered":"\u00c9pinglette du Jour J"},"content":{"rendered":"<p>La reconnaissance de cet \u00e9v\u00e9nement d\u2019ordre majeur dans l\u2019histoire du Canada a incit\u00e9 nos designers \u00e0 s\u2019efforcer davantage pour produire une \u00e9pinglette de qualit\u00e9 digne de l\u2019occasion. Le magnifique coquelicot \u00e9maill\u00e9 est marqu\u00e9 au poin\u00e7on s\u00e9par\u00e9ment, puis attach\u00e9 au corps de l\u2019\u00e9pinglette solidement \u00e9maill\u00e9 et estamp\u00e9. En dernier lieu, le placage en rhodium produit un fini tr\u00e8s brillant. Peut \u00eatre port\u00e9e en toutes occasions et est pr\u00e9sent\u00e9e de fa\u00e7on attrayante sur une carte d\u00e9corative avec l\u00e9gende.<\/p>\n","protected":false},"excerpt":{"rendered":"<p>Pendant la Seconde Guerre mondiale (1939-1945), la bataille de Normandie, qui a dur\u00e9 de juin 1944 \u00e0 ao\u00fbt 1944. La bataille a commenc\u00e9 le 6 juin 1944, aussi appel\u00e9 le jour J, lorsque quelque 156 000 Am\u00e9ricains, Britanniques et Canadiens ont d\u00e9barqu\u00e9 sur cinq plages le long d\u2019un tron\u00e7on de 50 milles de la c\u00f4te lourdement fortifi\u00e9e de la Normandie fran\u00e7aise.<\/p>\n","protected":false},"featured_media":15573,"comment_status":"open","ping_status":"closed","template":"","meta":{"_acf_changed":false},"product_cat":[951,1003,993,660,1001],"product_tag":[],"acf":[],"_links":{"self":[{"href":"https:\/\/www.museedelaguerre.ca\/boutique\/wp-json\/wp\/v2\/product\/11641"}],"collection":[{"href":"https:\/\/www.museedelaguerre.ca\/boutique\/wp-json\/wp\/v2\/product"}],"about":[{"href":"https:\/\/www.museedelaguerre.ca\/boutique\/wp-json\/wp\/v2\/types\/product"}],"replies":[{"embeddable":true,"href":"https:\/\/www.museedelaguerre.ca\/boutique\/wp-json\/wp\/v2\/comments?post=11641"}],"wp:featuredmedia":[{"embeddable":true,"href":"https:\/\/www.museedelaguerre.ca\/boutique\/wp-json\/wp\/v2\/media\/15573"}],"wp:attachment":[{"href":"https:\/\/www.museedelaguerre.ca\/boutique\/wp-json\/wp\/v2\/media?parent=11641"}],"wp:term":[{"taxonomy":"product_cat","embeddable":true,"href":"https:\/\/www.museedelaguerre.ca\/boutique\/wp-json\/wp\/v2\/product_cat?post=11641"},{"taxonomy":"product_tag","embeddable":true,"href":"https:\/\/www.museedelaguerre.ca\/boutique\/wp-json\/wp\/v2\/product_tag?post=11641"}],"curies":[{"name":"wp","href":"https:\/\/api.w.org\/{rel}","templated":true}]}}