
{"id":11630,"date":"2020-06-25T12:21:12","date_gmt":"2020-07-13T13:26:00","guid":{"rendered":"https:\/\/www.warmuseum.ca\/boutique\/?post_type=product&#038;p=11630"},"modified":"2025-06-02T08:55:53","modified_gmt":"2025-06-02T12:55:53","slug":"epinglette-victoire-1945","status":"publish","type":"product","link":"https:\/\/www.museedelaguerre.ca\/boutique\/produit\/epinglette-victoire-1945\/","title":{"rendered":"\u00c9pinglette Victoire 1945"},"content":{"rendered":"<p>Lorsqu\u2019il devint \u00e9vident que la chance avait tourn\u00e9 en faveur des forces alli\u00e9es durant la Seconde Guerre mondiale, le \u00abV\u00bb pour Victoire devint un signe de ralliement. Des images du geste des deux doigts en forme de \u00abV\u00bb du c\u00e9l\u00e8bre Sir Winston Churchill donnaient de l\u2019espoir aux millions touch\u00e9s par le conflit, au pays et \u00e0 l\u2019\u00e9tranger. Cette image durable est reproduite dans le format d\u2019une \u00e9pinglette de revers, fabriqu\u00e9e selon les m\u00eames normes exigeantes de qualit\u00e9 auxquelles vous vous attendez \u2013 finement frapp\u00e9e et polie, rehauss\u00e9e avec \u00e9mail de haute qualit\u00e9. Cette \u00e9pinglette comprend l&#8217;attache de s\u00fbret\u00e9 populaire.<\/p>\n","protected":false},"excerpt":{"rendered":"<p><strong>Les commandes pour cette l&#8217;\u00c9pinglette Victoire 1945 (fran\u00e7ais) seront exp\u00e9di\u00e9es en juin 2025.<\/strong><\/p>\n<p>En avril, les troupes canadiennes lib\u00e9r\u00e8rent la plus grande partie des Pays-Bas. Lorsque les forces allemandes sur le front britannique et canadien se rendirent le 5 mai, les Canadiens avaient atteint Oldenburg, dans le nord de l\u2019Allemagne, mais des parachutistes canadiens avaient p\u00e9n\u00e9tr\u00e9 encore plus loin \u00e0 l\u2019est. Les Allemands capitul\u00e8rent officiellement le 8 mai 1945, jour connu sous le nom de jour de la Victoire en Europe.<\/p>\n","protected":false},"featured_media":15577,"comment_status":"open","ping_status":"closed","template":"","meta":{"_acf_changed":false},"product_cat":[951,1003,660,1001],"product_tag":[1213],"acf":[],"_links":{"self":[{"href":"https:\/\/www.museedelaguerre.ca\/boutique\/wp-json\/wp\/v2\/product\/11630"}],"collection":[{"href":"https:\/\/www.museedelaguerre.ca\/boutique\/wp-json\/wp\/v2\/product"}],"about":[{"href":"https:\/\/www.museedelaguerre.ca\/boutique\/wp-json\/wp\/v2\/types\/product"}],"replies":[{"embeddable":true,"href":"https:\/\/www.museedelaguerre.ca\/boutique\/wp-json\/wp\/v2\/comments?post=11630"}],"wp:featuredmedia":[{"embeddable":true,"href":"https:\/\/www.museedelaguerre.ca\/boutique\/wp-json\/wp\/v2\/media\/15577"}],"wp:attachment":[{"href":"https:\/\/www.museedelaguerre.ca\/boutique\/wp-json\/wp\/v2\/media?parent=11630"}],"wp:term":[{"taxonomy":"product_cat","embeddable":true,"href":"https:\/\/www.museedelaguerre.ca\/boutique\/wp-json\/wp\/v2\/product_cat?post=11630"},{"taxonomy":"product_tag","embeddable":true,"href":"https:\/\/www.museedelaguerre.ca\/boutique\/wp-json\/wp\/v2\/product_tag?post=11630"}],"curies":[{"name":"wp","href":"https:\/\/api.w.org\/{rel}","templated":true}]}}