
{"id":11554,"date":"2020-06-24T17:20:32","date_gmt":"2020-07-13T14:06:52","guid":{"rendered":"https:\/\/www.warmuseum.ca\/boutique\/?post_type=product&#038;p=11554"},"modified":"2020-07-13T10:06:52","modified_gmt":"2020-07-13T14:06:52","slug":"epinglette-afghanistan-2001-2014","status":"publish","type":"product","link":"https:\/\/www.museedelaguerre.ca\/boutique\/produit\/epinglette-afghanistan-2001-2014\/","title":{"rendered":"\u00c9pinglette Afghanistan 2001-2014"},"content":{"rendered":"<p>La L\u00e9gion royale canadienne a command\u00e9 cette \u00e9pinglette de revers en laiton frapp\u00e9 avec fini nickel satin\u00e9 et de couleur \u00e9maill\u00e9e. L\u2019\u00e9pinglette est pr\u00e9sent\u00e9e sur une carte de satin lamin\u00e9e et peut \u00eatre port\u00e9e par toute personne d\u00e9sireuse de comm\u00e9morer ouvertement la contribution et les sacrifices de nos soldats.<\/p>\n","protected":false},"excerpt":{"rendered":"<p>La r\u00e9apparition des talibans, au printemps et \u00e0 l&#8217;\u00e9t\u00e9 2006, conduisit \u00e0 des op\u00e9rations importantes et soutenues de la coalition, comme n&#8217;en avaient plus connu les soldats canadiens depuis la guerre de Cor\u00e9e. Les affrontements les plus intenses eurent lieu dans le district de Panjwai, \u00e0 25 kilom\u00e8tres de Kandahar, o\u00f9 des insurg\u00e9s organis\u00e8rent plusieurs attaques contre les forces de la coalition. Les Forces arm\u00e9es canadiennes y \u00e9taient d\u00e9ploy\u00e9es depuis 2005.<\/p>\n","protected":false},"featured_media":15680,"comment_status":"open","ping_status":"closed","template":"","meta":{"_acf_changed":false},"product_cat":[951,1001],"product_tag":[],"acf":[],"_links":{"self":[{"href":"https:\/\/www.museedelaguerre.ca\/boutique\/wp-json\/wp\/v2\/product\/11554"}],"collection":[{"href":"https:\/\/www.museedelaguerre.ca\/boutique\/wp-json\/wp\/v2\/product"}],"about":[{"href":"https:\/\/www.museedelaguerre.ca\/boutique\/wp-json\/wp\/v2\/types\/product"}],"replies":[{"embeddable":true,"href":"https:\/\/www.museedelaguerre.ca\/boutique\/wp-json\/wp\/v2\/comments?post=11554"}],"wp:featuredmedia":[{"embeddable":true,"href":"https:\/\/www.museedelaguerre.ca\/boutique\/wp-json\/wp\/v2\/media\/15680"}],"wp:attachment":[{"href":"https:\/\/www.museedelaguerre.ca\/boutique\/wp-json\/wp\/v2\/media?parent=11554"}],"wp:term":[{"taxonomy":"product_cat","embeddable":true,"href":"https:\/\/www.museedelaguerre.ca\/boutique\/wp-json\/wp\/v2\/product_cat?post=11554"},{"taxonomy":"product_tag","embeddable":true,"href":"https:\/\/www.museedelaguerre.ca\/boutique\/wp-json\/wp\/v2\/product_tag?post=11554"}],"curies":[{"name":"wp","href":"https:\/\/api.w.org\/{rel}","templated":true}]}}