
{"id":11441,"date":"2020-06-18T16:30:12","date_gmt":"2020-07-13T14:38:49","guid":{"rendered":"https:\/\/www.warmuseum.ca\/boutique\/?post_type=product&#038;p=11441"},"modified":"2020-07-13T10:38:49","modified_gmt":"2020-07-13T14:38:49","slug":"epinglette-du-monument-commemoratif-de-la-guerre","status":"publish","type":"product","link":"https:\/\/www.museedelaguerre.ca\/boutique\/produit\/epinglette-du-monument-commemoratif-de-la-guerre\/","title":{"rendered":"\u00c9pinglette du Monument comm\u00e9moratif de la guerre"},"content":{"rendered":"<p>Afin de souligner le 75e anniversaire de l\u2019inauguration du Monument comm\u00e9moratif de guerre du Canada, la L\u00e9gion royale canadienne reconnaissant l&#8217;importance de ce monument national d\u00e9di\u00e9 au Souvenir au moyen de cette \u00e9pinglette comm\u00e9morative du Monument comm\u00e9moratif de guerre du Canada. Celle-ci pr\u00e9sente un bas relief finement coul\u00e9, le tout plaqu\u00e9 d\u2019argent et de bronze antiques et repr\u00e9sentant fid\u00e8lement l\u2019arcade de granite et les personnages de bronze du monument. L\u2019attache-fermoir \u00e0 l\u2019endos voit \u00e0 ce que l\u2019\u00e9pingle demeure fermement attach\u00e9e \u00e0 votre revers de boutonni\u00e8re.<\/p>\n","protected":false},"excerpt":{"rendered":"<p>En 1926 le sculpteur britannique Vernon March, a remport\u00e9 le concours du monument canadien destin\u00e9 \u00e0 comm\u00e9morer la Premi\u00e8re Guerre mondiale \u00e0 Ottawa. Vingt-deux personnages en uniforme passent sous une arche, portant les figures all\u00e9goriques de la paix et de la libert\u00e9. Sa cr\u00e9ation nomm\u00e9e \u00ab The Response \u00bb est au centre des c\u00e9r\u00e9monies du 11 novembre.<\/p>\n","protected":false},"featured_media":15700,"comment_status":"open","ping_status":"closed","template":"","meta":{"_acf_changed":false},"product_cat":[951,1001],"product_tag":[],"acf":[],"_links":{"self":[{"href":"https:\/\/www.museedelaguerre.ca\/boutique\/wp-json\/wp\/v2\/product\/11441"}],"collection":[{"href":"https:\/\/www.museedelaguerre.ca\/boutique\/wp-json\/wp\/v2\/product"}],"about":[{"href":"https:\/\/www.museedelaguerre.ca\/boutique\/wp-json\/wp\/v2\/types\/product"}],"replies":[{"embeddable":true,"href":"https:\/\/www.museedelaguerre.ca\/boutique\/wp-json\/wp\/v2\/comments?post=11441"}],"wp:featuredmedia":[{"embeddable":true,"href":"https:\/\/www.museedelaguerre.ca\/boutique\/wp-json\/wp\/v2\/media\/15700"}],"wp:attachment":[{"href":"https:\/\/www.museedelaguerre.ca\/boutique\/wp-json\/wp\/v2\/media?parent=11441"}],"wp:term":[{"taxonomy":"product_cat","embeddable":true,"href":"https:\/\/www.museedelaguerre.ca\/boutique\/wp-json\/wp\/v2\/product_cat?post=11441"},{"taxonomy":"product_tag","embeddable":true,"href":"https:\/\/www.museedelaguerre.ca\/boutique\/wp-json\/wp\/v2\/product_tag?post=11441"}],"curies":[{"name":"wp","href":"https:\/\/api.w.org\/{rel}","templated":true}]}}