
{"id":11336,"date":"2020-06-10T09:51:29","date_gmt":"2020-07-13T15:08:48","guid":{"rendered":"https:\/\/www.warmuseum.ca\/boutique\/?post_type=product&#038;p=11336"},"modified":"2025-07-14T14:31:30","modified_gmt":"2025-07-14T18:31:30","slug":"t-shirt-du-plan-du-navire-hms-crusader","status":"publish","type":"product","link":"https:\/\/www.museedelaguerre.ca\/boutique\/produit\/t-shirt-du-plan-du-navire-hms-crusader\/","title":{"rendered":"T-shirt du plan du navire HMS Crusader"},"content":{"rendered":"<p>Fait de 5,5 oz (9,1 oz\/ly, 186 g) de coton\/polyester 50\/50, le t-shirt est dot\u00e9 d\u2019un col c\u00f4tel\u00e9 et d\u2019un ruban \u00e0 bandouli\u00e8re. Manchon double aiguille et ourlets inf\u00e9rieurs. Pr\u00e9tremp\u00e9 pour minimiser le r\u00e9tr\u00e9cissement.<\/p>\n","protected":false},"excerpt":{"rendered":"<p>Ce destroyer de la classe \u00ab C \u00bb \u00e9tait l\u2019ancien HMS Crusader, sorti du chantier en 1932 et mis en service sous le nom d&#8217;Ottawa le 15 juin 1938 \u00e0 Chatham, en Angleterre. Il arriva \u00e0 Esquimalt (Colombie-Britannique) et, la guerre \u00e9tant sur le point d\u2019\u00e9clater, il partit pour Halifax (Nouvelle-\u00c9cosse) pr\u00e8s d\u2019un an plus tard afin d\u2019escorter des convois \u00e0 destination de l\u2019Europe.<\/p>\n","protected":false},"featured_media":15426,"comment_status":"open","ping_status":"closed","template":"","meta":{"_acf_changed":false},"product_cat":[1256,995,666,1190],"product_tag":[],"acf":[],"_links":{"self":[{"href":"https:\/\/www.museedelaguerre.ca\/boutique\/wp-json\/wp\/v2\/product\/11336"}],"collection":[{"href":"https:\/\/www.museedelaguerre.ca\/boutique\/wp-json\/wp\/v2\/product"}],"about":[{"href":"https:\/\/www.museedelaguerre.ca\/boutique\/wp-json\/wp\/v2\/types\/product"}],"replies":[{"embeddable":true,"href":"https:\/\/www.museedelaguerre.ca\/boutique\/wp-json\/wp\/v2\/comments?post=11336"}],"wp:featuredmedia":[{"embeddable":true,"href":"https:\/\/www.museedelaguerre.ca\/boutique\/wp-json\/wp\/v2\/media\/15426"}],"wp:attachment":[{"href":"https:\/\/www.museedelaguerre.ca\/boutique\/wp-json\/wp\/v2\/media?parent=11336"}],"wp:term":[{"taxonomy":"product_cat","embeddable":true,"href":"https:\/\/www.museedelaguerre.ca\/boutique\/wp-json\/wp\/v2\/product_cat?post=11336"},{"taxonomy":"product_tag","embeddable":true,"href":"https:\/\/www.museedelaguerre.ca\/boutique\/wp-json\/wp\/v2\/product_tag?post=11336"}],"curies":[{"name":"wp","href":"https:\/\/api.w.org\/{rel}","templated":true}]}}