
{"id":11329,"date":"2020-06-10T09:49:45","date_gmt":"2020-07-13T15:09:21","guid":{"rendered":"https:\/\/www.warmuseum.ca\/boutique\/?post_type=product&#038;p=11329"},"modified":"2025-07-14T14:31:38","modified_gmt":"2025-07-14T18:31:38","slug":"t-shirt-du-plan-detaille-du-spitfire-mk-vb","status":"publish","type":"product","link":"https:\/\/www.museedelaguerre.ca\/boutique\/produit\/t-shirt-du-plan-detaille-du-spitfire-mk-vb\/","title":{"rendered":"T-shirt du plan d\u00e9taill\u00e9 du Spitfire MK.VB"},"content":{"rendered":"<p>Fait de 5,5 oz (9,1 oz\/ly, 186 g) de coton\/polyester 50\/50, le t-shirt est dot\u00e9 d\u2019un col c\u00f4tel\u00e9 et d\u2019un ruban \u00e0 bandouli\u00e8re. Manchon double aiguille et ourlets inf\u00e9rieurs. Pr\u00e9tremp\u00e9 pour minimiser le r\u00e9tr\u00e9cissement.<\/p>\n","protected":false},"excerpt":{"rendered":"<p>Le Mk V fut con\u00e7u comme intercepteur, afin de contrer les Ju-86 de reconnaissance op\u00e9rant \u00e0 haute altitude. Il fut dot\u00e9 d&#8217;un moteur Merlin 45 de 1440 hp et de compresseurs. Le premier exemplaire vola en juin 1941.<\/p>\n","protected":false},"featured_media":15428,"comment_status":"open","ping_status":"closed","template":"","meta":{"_acf_changed":false},"product_cat":[1256,995,666,1190],"product_tag":[],"acf":[],"_links":{"self":[{"href":"https:\/\/www.museedelaguerre.ca\/boutique\/wp-json\/wp\/v2\/product\/11329"}],"collection":[{"href":"https:\/\/www.museedelaguerre.ca\/boutique\/wp-json\/wp\/v2\/product"}],"about":[{"href":"https:\/\/www.museedelaguerre.ca\/boutique\/wp-json\/wp\/v2\/types\/product"}],"replies":[{"embeddable":true,"href":"https:\/\/www.museedelaguerre.ca\/boutique\/wp-json\/wp\/v2\/comments?post=11329"}],"wp:featuredmedia":[{"embeddable":true,"href":"https:\/\/www.museedelaguerre.ca\/boutique\/wp-json\/wp\/v2\/media\/15428"}],"wp:attachment":[{"href":"https:\/\/www.museedelaguerre.ca\/boutique\/wp-json\/wp\/v2\/media?parent=11329"}],"wp:term":[{"taxonomy":"product_cat","embeddable":true,"href":"https:\/\/www.museedelaguerre.ca\/boutique\/wp-json\/wp\/v2\/product_cat?post=11329"},{"taxonomy":"product_tag","embeddable":true,"href":"https:\/\/www.museedelaguerre.ca\/boutique\/wp-json\/wp\/v2\/product_tag?post=11329"}],"curies":[{"name":"wp","href":"https:\/\/api.w.org\/{rel}","templated":true}]}}