
{"id":11323,"date":"2020-06-10T09:49:14","date_gmt":"2020-07-13T15:10:32","guid":{"rendered":"https:\/\/www.warmuseum.ca\/boutique\/?post_type=product&#038;p=11323"},"modified":"2025-07-14T14:31:52","modified_gmt":"2025-07-14T18:31:52","slug":"t-shirt-du-plan-detaille-du-char-dassault-sherman-m4","status":"publish","type":"product","link":"https:\/\/www.museedelaguerre.ca\/boutique\/produit\/t-shirt-du-plan-detaille-du-char-dassault-sherman-m4\/","title":{"rendered":"T-shirt du Plan d\u00e9taill\u00e9 du char d&#8217;assault Sherman M4"},"content":{"rendered":"<p>Fait de 5,5 oz (9,1 oz\/ly, 186 g) de coton\/polyester 50\/50, le t-shirt est dot\u00e9 d\u2019un col c\u00f4tel\u00e9 et d\u2019un ruban \u00e0 bandouli\u00e8re. Manchon double aiguille et ourlets inf\u00e9rieurs. Pr\u00e9tremp\u00e9 pour minimiser le r\u00e9tr\u00e9cissement.<\/p>\n","protected":false},"excerpt":{"rendered":"<p>Le char d&#8217;assault Sherman, officiellement M4 General Sherman, est un char de combat principal con\u00e7u et construit par les \u00c9tats-Unis pour la conduite de la Seconde Guerre mondiale.<\/p>\n","protected":false},"featured_media":14568,"comment_status":"open","ping_status":"closed","template":"","meta":{"_acf_changed":false},"product_cat":[995,666,1190],"product_tag":[1289],"acf":[],"_links":{"self":[{"href":"https:\/\/www.museedelaguerre.ca\/boutique\/wp-json\/wp\/v2\/product\/11323"}],"collection":[{"href":"https:\/\/www.museedelaguerre.ca\/boutique\/wp-json\/wp\/v2\/product"}],"about":[{"href":"https:\/\/www.museedelaguerre.ca\/boutique\/wp-json\/wp\/v2\/types\/product"}],"replies":[{"embeddable":true,"href":"https:\/\/www.museedelaguerre.ca\/boutique\/wp-json\/wp\/v2\/comments?post=11323"}],"wp:featuredmedia":[{"embeddable":true,"href":"https:\/\/www.museedelaguerre.ca\/boutique\/wp-json\/wp\/v2\/media\/14568"}],"wp:attachment":[{"href":"https:\/\/www.museedelaguerre.ca\/boutique\/wp-json\/wp\/v2\/media?parent=11323"}],"wp:term":[{"taxonomy":"product_cat","embeddable":true,"href":"https:\/\/www.museedelaguerre.ca\/boutique\/wp-json\/wp\/v2\/product_cat?post=11323"},{"taxonomy":"product_tag","embeddable":true,"href":"https:\/\/www.museedelaguerre.ca\/boutique\/wp-json\/wp\/v2\/product_tag?post=11323"}],"curies":[{"name":"wp","href":"https:\/\/api.w.org\/{rel}","templated":true}]}}