
{"id":11150,"date":"2020-06-10T09:24:40","date_gmt":"2020-07-14T15:23:38","guid":{"rendered":"https:\/\/www.warmuseum.ca\/boutique\/?post_type=product&#038;p=11150"},"modified":"2020-07-14T11:23:39","modified_gmt":"2020-07-14T15:23:39","slug":"casquette-de-la-marine-royale-canadienne","status":"publish","type":"product","link":"https:\/\/www.museedelaguerre.ca\/boutique\/produit\/casquette-de-la-marine-royale-canadienne\/","title":{"rendered":"Casquette de la Marine royale canadienne"},"content":{"rendered":"<p>Fait de feutre avec une sangle velcro r\u00e9glable. Taille unique.<\/p>\n","protected":false},"excerpt":{"rendered":"<p>La Marine royale canadienne est l\u00e0 pour prot\u00e9ger les c\u00f4tes canadiennes et aider les missions internationales.<\/p>\n","protected":false},"featured_media":19684,"comment_status":"open","ping_status":"closed","template":"","meta":{"_acf_changed":false},"product_cat":[660,662],"product_tag":[],"acf":[],"_links":{"self":[{"href":"https:\/\/www.museedelaguerre.ca\/boutique\/wp-json\/wp\/v2\/product\/11150"}],"collection":[{"href":"https:\/\/www.museedelaguerre.ca\/boutique\/wp-json\/wp\/v2\/product"}],"about":[{"href":"https:\/\/www.museedelaguerre.ca\/boutique\/wp-json\/wp\/v2\/types\/product"}],"replies":[{"embeddable":true,"href":"https:\/\/www.museedelaguerre.ca\/boutique\/wp-json\/wp\/v2\/comments?post=11150"}],"wp:featuredmedia":[{"embeddable":true,"href":"https:\/\/www.museedelaguerre.ca\/boutique\/wp-json\/wp\/v2\/media\/19684"}],"wp:attachment":[{"href":"https:\/\/www.museedelaguerre.ca\/boutique\/wp-json\/wp\/v2\/media?parent=11150"}],"wp:term":[{"taxonomy":"product_cat","embeddable":true,"href":"https:\/\/www.museedelaguerre.ca\/boutique\/wp-json\/wp\/v2\/product_cat?post=11150"},{"taxonomy":"product_tag","embeddable":true,"href":"https:\/\/www.museedelaguerre.ca\/boutique\/wp-json\/wp\/v2\/product_tag?post=11150"}],"curies":[{"name":"wp","href":"https:\/\/api.w.org\/{rel}","templated":true}]}}