
{"id":11145,"date":"2020-06-09T15:24:11","date_gmt":"2020-07-14T15:26:51","guid":{"rendered":"https:\/\/www.warmuseum.ca\/boutique\/?post_type=product&#038;p=11145"},"modified":"2024-02-24T16:40:23","modified_gmt":"2024-02-24T21:40:23","slug":"casquette-couleur-marine-de-laviation-royale-canadienne","status":"publish","type":"product","link":"https:\/\/www.museedelaguerre.ca\/boutique\/produit\/casquette-couleur-marine-de-laviation-royale-canadienne\/","title":{"rendered":"Casquette couleur marine de l&#8217;Aviation Royale Canadienne"},"content":{"rendered":"<p>Fait de feutre double couche avec une sangle velcro r\u00e9glable. Taille unique.<\/p>\n","protected":false},"excerpt":{"rendered":"<p>La collection patrimoniale de l\u2019ARC a \u00e9t\u00e9 con\u00e7ue en l\u2019honneur des hommes et des femmes qui ont servi \u2014 et qui servent aujourd\u2019hui \u2014 dans l\u2019Aviation royale canadienne.<\/p>\n","protected":false},"featured_media":19676,"comment_status":"open","ping_status":"closed","template":"","meta":{"_acf_changed":false},"product_cat":[1256,660,662],"product_tag":[1202],"acf":[],"_links":{"self":[{"href":"https:\/\/www.museedelaguerre.ca\/boutique\/wp-json\/wp\/v2\/product\/11145"}],"collection":[{"href":"https:\/\/www.museedelaguerre.ca\/boutique\/wp-json\/wp\/v2\/product"}],"about":[{"href":"https:\/\/www.museedelaguerre.ca\/boutique\/wp-json\/wp\/v2\/types\/product"}],"replies":[{"embeddable":true,"href":"https:\/\/www.museedelaguerre.ca\/boutique\/wp-json\/wp\/v2\/comments?post=11145"}],"wp:featuredmedia":[{"embeddable":true,"href":"https:\/\/www.museedelaguerre.ca\/boutique\/wp-json\/wp\/v2\/media\/19676"}],"wp:attachment":[{"href":"https:\/\/www.museedelaguerre.ca\/boutique\/wp-json\/wp\/v2\/media?parent=11145"}],"wp:term":[{"taxonomy":"product_cat","embeddable":true,"href":"https:\/\/www.museedelaguerre.ca\/boutique\/wp-json\/wp\/v2\/product_cat?post=11145"},{"taxonomy":"product_tag","embeddable":true,"href":"https:\/\/www.museedelaguerre.ca\/boutique\/wp-json\/wp\/v2\/product_tag?post=11145"}],"curies":[{"name":"wp","href":"https:\/\/api.w.org\/{rel}","templated":true}]}}