
{"id":11039,"date":"2020-06-09T12:10:30","date_gmt":"2020-07-17T16:05:31","guid":{"rendered":"https:\/\/www.warmuseum.ca\/boutique\/?post_type=product&#038;p=11039"},"modified":"2024-04-30T08:19:00","modified_gmt":"2024-04-30T12:19:00","slug":"tasse-grandes-guerres-grandes-femmes","status":"publish","type":"product","link":"https:\/\/www.museedelaguerre.ca\/boutique\/produit\/tasse-grandes-guerres-grandes-femmes\/","title":{"rendered":"Tasse Grandes guerres. Grandes femmes"},"content":{"rendered":"<p>La Premi\u00e8re et la Seconde Guerre mondiale ont apport\u00e9 d\u2019\u00e9normes changements \u00e0 la vie des Canadiennes. Ils se sont adapt\u00e9s aux conditions de la guerre totale en termes pratiques \u2013 travail, b\u00e9n\u00e9volat et service en uniforme. Dans le sillage des trag\u00e9dies in\u00e9vitables de la guerre, ils ont \u00e9galement fait face \u00e0 d\u2019autres d\u00e9fis. Les contributions des femmes aux efforts de guerre du Canada \u00e9taient cruciales, et leurs exp\u00e9riences ont permis de mieux comprendre les capacit\u00e9s des femmes, tant au sein de leur soci\u00e9t\u00e9 qu\u2019au sein de celle-ci. Grandes guerres. Grandes femmes est une exposition con\u00e7ue par le Mus\u00e9e canadien de la guerre, \u00e0 Ottawa. La tasse peut aller au four \u00e0 micro-ondes et au lave-vaiselle.<\/p>\n","protected":false},"excerpt":{"rendered":"<p>Collection en lien avec l&#8217;exposition d\u00e9velopp\u00e9 par le Mus\u00e9e canadien de la guerre, Grandes guerres. Grandes femmes.<\/p>\n","protected":false},"featured_media":15532,"comment_status":"open","ping_status":"closed","template":"","meta":{"_acf_changed":false},"product_cat":[995,1199,667,1192,1209],"product_tag":[],"acf":[],"_links":{"self":[{"href":"https:\/\/www.museedelaguerre.ca\/boutique\/wp-json\/wp\/v2\/product\/11039"}],"collection":[{"href":"https:\/\/www.museedelaguerre.ca\/boutique\/wp-json\/wp\/v2\/product"}],"about":[{"href":"https:\/\/www.museedelaguerre.ca\/boutique\/wp-json\/wp\/v2\/types\/product"}],"replies":[{"embeddable":true,"href":"https:\/\/www.museedelaguerre.ca\/boutique\/wp-json\/wp\/v2\/comments?post=11039"}],"wp:featuredmedia":[{"embeddable":true,"href":"https:\/\/www.museedelaguerre.ca\/boutique\/wp-json\/wp\/v2\/media\/15532"}],"wp:attachment":[{"href":"https:\/\/www.museedelaguerre.ca\/boutique\/wp-json\/wp\/v2\/media?parent=11039"}],"wp:term":[{"taxonomy":"product_cat","embeddable":true,"href":"https:\/\/www.museedelaguerre.ca\/boutique\/wp-json\/wp\/v2\/product_cat?post=11039"},{"taxonomy":"product_tag","embeddable":true,"href":"https:\/\/www.museedelaguerre.ca\/boutique\/wp-json\/wp\/v2\/product_tag?post=11039"}],"curies":[{"name":"wp","href":"https:\/\/api.w.org\/{rel}","templated":true}]}}