
{"id":10192,"date":"2018-10-24T09:08:21","date_gmt":"2018-10-24T13:08:34","guid":{"rendered":"https:\/\/www.warmuseum.ca\/boutique\/?post_type=product&#038;p=10192"},"modified":"2024-12-03T23:00:23","modified_gmt":"2024-12-04T04:00:23","slug":"victoire-1918-les-100-derniers-jours","status":"publish","type":"product","link":"https:\/\/www.museedelaguerre.ca\/boutique\/produit\/victoire-1918-les-100-derniers-jours\/","title":{"rendered":"Victoire 1918 \u2013 Les 100 derniers jours"},"content":{"rendered":"<p><strong>Victoire 1918 \u2013 Les 100 derniers jours<\/strong><br \/>\npar Tim Cook et J. L. Granatstein<\/p>\n<p>Octobre 2018, ISBN : <span lang=\"en-CA\"><span lang=\"fr\">978-0-660-25255-1<\/span><\/span><br \/>\n120 pages, 56 illustrations, 15 x 15 cm, broch\u00e9<\/p>\n<p>L\u2019issue de la Premi\u00e8re Guerre mondiale s\u2019est d\u00e9cid\u00e9e au cours des cent derniers jours.<\/p>\n<p>La campagne des Cent Jours, qui consiste en une succession de batailles \u00e2prement disput\u00e9es sur le front de l\u2019Ouest entre les mois d\u2019ao\u00fbt et de novembre 1918, a contribu\u00e9 de fa\u00e7on d\u00e9cisive \u00e0 la fin de la Premi\u00e8re Guerre mondiale. Consid\u00e9r\u00e9s depuis lors comme des \u00ab troupes de choc \u00bb d\u2019\u00e9lite, les membres du Corps canadien ont jou\u00e9 un r\u00f4le cl\u00e9 dans la victoire des Alli\u00e9s.<\/p>\n<p>\u00c0 l\u2019occasion du centenaire de la fin de la guerre, Tim Cook et J. L. Granatstein explorent la s\u00e9rie de batailles que regroupe cette campagne dans un catalogue-souvenir visuel et \u00e9vocateur r\u00e9unissant des \u0153uvres d\u2019art, des artefacts, des photos historiques et des r\u00e9cits poignants de militaires canadiens qui ont pris part aux affrontements extr\u00eamement co\u00fbteux en vies humaines.<\/p>\n<p>&#8212;-<\/p>\n<p>Tim Cook, Ph. D., C.M., est historien au Mus\u00e9e canadien de la guerre, alors que J. L. Granatstein, Ph. D., O.C., est l\u2019ancien pr\u00e9sident-directeur g\u00e9n\u00e9ral du Mus\u00e9e. Auteurs prim\u00e9s, Cook et Granatstein ont respectivement fait paraitre 11 et plus de 70 ouvrages en histoire militaire et en histoire politique.<\/p>\n","protected":false},"excerpt":{"rendered":"<p>par Tim Cook et J. L. Granatstein<\/p>\n<p>La campagne des Cent Jours a contribu\u00e9 de fa\u00e7on d\u00e9cisive \u00e0 la fin de la Premi\u00e8re Guerre mondiale. Consid\u00e9r\u00e9s depuis lors comme des \u00ab troupes de choc \u00bb d\u2019\u00e9lite, les membres du Corps canadien ont jou\u00e9 un r\u00f4le cl\u00e9 dans la victoire des Alli\u00e9s. \u00c0 l\u2019occasion du centenaire de la fin de la guerre, Tim Cook et J.\u00a0L.\u00a0Granatstein explorent la s\u00e9rie de batailles que regroupe cette campagne dans un catalogue-souvenir visuel et \u00e9vocateur.<\/p>\n","protected":false},"featured_media":15275,"comment_status":"open","ping_status":"closed","template":"","meta":{"_acf_changed":false},"product_cat":[604,683],"product_tag":[1213],"acf":[],"_links":{"self":[{"href":"https:\/\/www.museedelaguerre.ca\/boutique\/wp-json\/wp\/v2\/product\/10192"}],"collection":[{"href":"https:\/\/www.museedelaguerre.ca\/boutique\/wp-json\/wp\/v2\/product"}],"about":[{"href":"https:\/\/www.museedelaguerre.ca\/boutique\/wp-json\/wp\/v2\/types\/product"}],"replies":[{"embeddable":true,"href":"https:\/\/www.museedelaguerre.ca\/boutique\/wp-json\/wp\/v2\/comments?post=10192"}],"wp:featuredmedia":[{"embeddable":true,"href":"https:\/\/www.museedelaguerre.ca\/boutique\/wp-json\/wp\/v2\/media\/15275"}],"wp:attachment":[{"href":"https:\/\/www.museedelaguerre.ca\/boutique\/wp-json\/wp\/v2\/media?parent=10192"}],"wp:term":[{"taxonomy":"product_cat","embeddable":true,"href":"https:\/\/www.museedelaguerre.ca\/boutique\/wp-json\/wp\/v2\/product_cat?post=10192"},{"taxonomy":"product_tag","embeddable":true,"href":"https:\/\/www.museedelaguerre.ca\/boutique\/wp-json\/wp\/v2\/product_tag?post=10192"}],"curies":[{"name":"wp","href":"https:\/\/api.w.org\/{rel}","templated":true}]}}