
{"id":5081,"date":"2015-01-05T15:15:59","date_gmt":"2015-01-05T15:15:59","guid":{"rendered":"https:\/\/www.warmuseum.ca\/boutique\/charriot\/"},"modified":"2024-11-18T10:32:55","modified_gmt":"2024-11-18T15:32:55","slug":"panier","status":"publish","type":"page","link":"https:\/\/www.museedelaguerre.ca\/boutique\/panier\/","title":{"rendered":"Panier"},"content":{"rendered":"<p><!--\n\n<p><strong style=\"color:#e6192b;\">La livraison avant No\u00ebl ne peut \u00eatre garantie sur les commandes faites apr\u00e8s le dimanche 10&nbsp;d\u00e9cembre 2023. Veuillez aussi noter que le traitement des commandes soumises entre le 22&nbsp;d\u00e9cembre 2023 et le 3&nbsp;janvier 2024 pourrait \u00eatre plus long qu\u2019\u00e0 l\u2019habitude. Merci de votre compr\u00e9hension.<\/strong><\/p>\n\n--><\/p>\n<p><!-- \n\n<p><strong style=\"color:#e6192b;\">Nous \u00e9prouvons pr\u00e9sentement certains d\u00e9lais d\u2019approvisionnement aupr\u00e8s de nos fournisseurs qui pourraient affecter la disponibilit\u00e9 de certains produits.<\/strong><\/p>\n\n\n\n\n\n<p><strong style=\"color:#e6192b;\">Merci de votre compr\u00e9hension.<\/strong><\/p>\n\n --><\/p>\n\n\n\n\n<div class=\"wp-block-columns shipping-returns is-layout-flex wp-container-core-columns-is-layout-1 wp-block-columns-is-layout-flex\">\n<div class=\"wp-block-column is-layout-flow wp-block-column-is-layout-flow\" style=\"padding-top:var(--wp--preset--spacing--30);padding-right:0;padding-bottom:var(--wp--preset--spacing--30);padding-left:0\">\n<h4 class=\"wp-block-heading\">Livraison<\/h4>\n\n\n\n<p style=\"margin-top:var(--wp--preset--spacing--20);margin-bottom:var(--wp--preset--spacing--20)\">Voyez toutes les informations de livraison<\/p>\n\n\n\n<div class=\"wp-block-buttons is-layout-flex wp-block-buttons-is-layout-flex\">\n<div class=\"wp-block-button\"><a class=\"wp-block-button__link wp-element-button\" href=\"\/boutique\/politique-de-retour-et-livraison\/\">Plus d&#8217;info<\/a><\/div>\n<\/div>\n<\/div>\n\n\n\n<div class=\"wp-block-column is-layout-flow wp-block-column-is-layout-flow\" style=\"padding-top:var(--wp--preset--spacing--30);padding-right:0;padding-bottom:var(--wp--preset--spacing--30);padding-left:0\">\n<h4 class=\"wp-block-heading\">Retours<\/h4>\n\n\n\n<p style=\"margin-top:var(--wp--preset--spacing--20);margin-bottom:var(--wp--preset--spacing--20)\">Lisez notre politique de retours<\/p>\n\n\n\n<div class=\"wp-block-buttons is-layout-flex wp-block-buttons-is-layout-flex\">\n<div class=\"wp-block-button\"><a class=\"wp-block-button__link wp-element-button\" href=\"\/boutique\/politique-de-retour-et-livraison\/\">Plus d&#8217;info<\/a><\/div>\n<\/div>\n<\/div>\n<\/div>\n","protected":false},"excerpt":{"rendered":"","protected":false},"author":1,"featured_media":0,"parent":0,"menu_order":0,"comment_status":"closed","ping_status":"open","template":"","meta":{"_acf_changed":false,"footnotes":""},"acf":[],"_links":{"self":[{"href":"https:\/\/www.museedelaguerre.ca\/boutique\/wp-json\/wp\/v2\/pages\/5081"}],"collection":[{"href":"https:\/\/www.museedelaguerre.ca\/boutique\/wp-json\/wp\/v2\/pages"}],"about":[{"href":"https:\/\/www.museedelaguerre.ca\/boutique\/wp-json\/wp\/v2\/types\/page"}],"author":[{"embeddable":true,"href":"https:\/\/www.museedelaguerre.ca\/boutique\/wp-json\/wp\/v2\/users\/1"}],"replies":[{"embeddable":true,"href":"https:\/\/www.museedelaguerre.ca\/boutique\/wp-json\/wp\/v2\/comments?post=5081"}],"version-history":[{"count":14,"href":"https:\/\/www.museedelaguerre.ca\/boutique\/wp-json\/wp\/v2\/pages\/5081\/revisions"}],"predecessor-version":[{"id":17217,"href":"https:\/\/www.museedelaguerre.ca\/boutique\/wp-json\/wp\/v2\/pages\/5081\/revisions\/17217"}],"wp:attachment":[{"href":"https:\/\/www.museedelaguerre.ca\/boutique\/wp-json\/wp\/v2\/media?parent=5081"}],"curies":[{"name":"wp","href":"https:\/\/api.w.org\/{rel}","templated":true}]}}