
{"id":19837,"date":"2026-03-11T11:38:38","date_gmt":"2026-03-11T15:38:38","guid":{"rendered":"https:\/\/www.warmuseum.ca\/boutique\/?page_id=19837"},"modified":"2026-03-11T11:38:38","modified_gmt":"2026-03-11T15:38:38","slug":"commandes-corporatives","status":"publish","type":"page","link":"https:\/\/www.museedelaguerre.ca\/boutique\/commandes-corporatives\/","title":{"rendered":"Commandes corporatives"},"content":{"rendered":"\n<h2 class=\"wp-block-heading\">Obtenez 15 % de rabais sur les commandes de plus de 1000 $<\/h2>\n\n\n\n<p>Si vous pr\u00e9voyez effectuer un achat de 1000 $ ou plus pour votre entreprise, votre organisation ou un \u00e9v\u00e9nement, il nous fera plaisir de vous aider. Veuillez nous contacter \u00e0 <a href=\"mailto:boutique@museedelaguerre.ca\"><strong>boutique@museedelaguerre.ca<\/strong><\/a> afin de confirmer la disponibilit\u00e9 des produits, v\u00e9rifier les d\u00e9lais d\u2019exp\u00e9dition actuels et recevoir un code promo exclusif.<\/p>\n\n\n\n<p>Dans certains cas, nous disposons d\u2019un inventaire suppl\u00e9mentaire qui n\u2019est pas affich\u00e9 sur notre site web. Nous vous encourageons donc \u00e0 nous contacter pour nous faire part de vos besoins.<\/p>\n\n\n\n<p>Les commandes totalisant 1000 $ ou plus (avant taxes et frais d\u2019exp\u00e9dition) sont admissibles \u00e0 un rabais de 15 %. Cette promotion ne peut \u00eatre combin\u00e9e \u00e0 aucune autre offre ou r\u00e9duction, n\u2019est pas applicable aux achats ant\u00e9rieurs et ne peut \u00eatre \u00e9chang\u00e9e contre de l\u2019argent. <strong>Veuillez nous contacter pour recevoir votre code promo.<\/strong><\/p>\n","protected":false},"excerpt":{"rendered":"<p>Obtenez 15 % de rabais sur les commandes de plus de 1000 $ Si vous pr\u00e9voyez effectuer un achat de 1000 $ ou plus pour votre entreprise, votre organisation ou un \u00e9v\u00e9nement, il nous fera plaisir de vous aider. Veuillez nous contacter \u00e0 boutique@museedelaguerre.ca afin de confirmer la disponibilit\u00e9 des produits, v\u00e9rifier les d\u00e9lais d\u2019exp\u00e9dition [&hellip;]<\/p>\n","protected":false},"author":1541,"featured_media":0,"parent":0,"menu_order":0,"comment_status":"closed","ping_status":"closed","template":"","meta":{"_acf_changed":false,"footnotes":""},"acf":[],"_links":{"self":[{"href":"https:\/\/www.museedelaguerre.ca\/boutique\/wp-json\/wp\/v2\/pages\/19837"}],"collection":[{"href":"https:\/\/www.museedelaguerre.ca\/boutique\/wp-json\/wp\/v2\/pages"}],"about":[{"href":"https:\/\/www.museedelaguerre.ca\/boutique\/wp-json\/wp\/v2\/types\/page"}],"author":[{"embeddable":true,"href":"https:\/\/www.museedelaguerre.ca\/boutique\/wp-json\/wp\/v2\/users\/1541"}],"replies":[{"embeddable":true,"href":"https:\/\/www.museedelaguerre.ca\/boutique\/wp-json\/wp\/v2\/comments?post=19837"}],"version-history":[{"count":1,"href":"https:\/\/www.museedelaguerre.ca\/boutique\/wp-json\/wp\/v2\/pages\/19837\/revisions"}],"predecessor-version":[{"id":19838,"href":"https:\/\/www.museedelaguerre.ca\/boutique\/wp-json\/wp\/v2\/pages\/19837\/revisions\/19838"}],"wp:attachment":[{"href":"https:\/\/www.museedelaguerre.ca\/boutique\/wp-json\/wp\/v2\/media?parent=19837"}],"curies":[{"name":"wp","href":"https:\/\/api.w.org\/{rel}","templated":true}]}}